{"id":8241,"date":"2025-10-30T22:56:08","date_gmt":"2025-10-30T21:56:08","guid":{"rendered":"https:\/\/iwt-customparts.com\/?post_type=product&#038;p=8241"},"modified":"2025-10-30T23:20:45","modified_gmt":"2025-10-30T22:20:45","slug":"bouchons-de-bras-oscillant-noir-anodise","status":"publish","type":"product","link":"https:\/\/iwt-customparts.com\/fr\/product\/swingarm-caps-zwart-geanodiseerd\/","title":{"rendered":"Bouchons de bras oscillant noir anodis\u00e9, (2 pc)"},"content":{"rendered":"<p class=\"translation-block\">Aluminium usin\u00e9 CNC. Anodis\u00e9 noir.<br>\nJoint torique en caoutchouc EPDM inclus. Cela garantit que le bras oscillant reste \u00e9tanche \u00e0 la poussi\u00e8re et \u00e0 l'eau.<br>\nMod\u00e8les : tous les mod\u00e8les et ann\u00e9es de construction Yamaha XJR1200 et XJR1300.<br>\nQuantit\u00e9 : 1 jeu de 2 pi\u00e8ces.<\/p>","protected":false},"excerpt":{"rendered":"<p>CNC bewerkt aluminium. Zwart geanodiseerd. Inclusief EPDM rubber O-ring. Dit zorgt ervoor dat de swingarm stof- en waterdicht blijft. Modellen: alle modellen en bouwjaren Yamaha&#8230;<\/p>","protected":false},"featured_media":8237,"comment_status":"open","ping_status":"closed","template":"","meta":[],"product_brand":[],"product_cat":[102],"product_tag":[],"class_list":{"0":"post-8241","1":"product","2":"type-product","3":"status-publish","4":"has-post-thumbnail","6":"product_cat-yamaha-xjr-swingarm-caps","8":"first","9":"instock","10":"taxable","11":"shipping-taxable","12":"purchasable","13":"product-type-simple"},"_links":{"self":[{"href":"https:\/\/iwt-customparts.com\/fr\/wp-json\/wp\/v2\/product\/8241","targetHints":{"allow":["GET"]}}],"collection":[{"href":"https:\/\/iwt-customparts.com\/fr\/wp-json\/wp\/v2\/product"}],"about":[{"href":"https:\/\/iwt-customparts.com\/fr\/wp-json\/wp\/v2\/types\/product"}],"replies":[{"embeddable":true,"href":"https:\/\/iwt-customparts.com\/fr\/wp-json\/wp\/v2\/comments?post=8241"}],"wp:featuredmedia":[{"embeddable":true,"href":"https:\/\/iwt-customparts.com\/fr\/wp-json\/wp\/v2\/media\/8237"}],"wp:attachment":[{"href":"https:\/\/iwt-customparts.com\/fr\/wp-json\/wp\/v2\/media?parent=8241"}],"wp:term":[{"taxonomy":"product_brand","embeddable":true,"href":"https:\/\/iwt-customparts.com\/fr\/wp-json\/wp\/v2\/product_brand?post=8241"},{"taxonomy":"product_cat","embeddable":true,"href":"https:\/\/iwt-customparts.com\/fr\/wp-json\/wp\/v2\/product_cat?post=8241"},{"taxonomy":"product_tag","embeddable":true,"href":"https:\/\/iwt-customparts.com\/fr\/wp-json\/wp\/v2\/product_tag?post=8241"}],"curies":[{"name":"wp","href":"https:\/\/api.w.org\/{rel}","templated":true}]}}