{"id":8206,"date":"2025-10-25T16:07:14","date_gmt":"2025-10-25T14:07:14","guid":{"rendered":"https:\/\/iwt-customparts.com\/?post_type=product&#038;p=8206"},"modified":"2025-11-20T15:33:29","modified_gmt":"2025-11-20T14:33:29","slug":"xjr-fj-plateau-de-pression-dembrayage","status":"publish","type":"product","link":"https:\/\/iwt-customparts.com\/fr\/product\/xjr-fj-koppelingsdrukplaat-zw\/","title":{"rendered":"XJR\/FJ plateau de pression embrayage noir"},"content":{"rendered":"<p class=\"translation-block\">Plateau de pression d'embrayage renforc\u00e9 pour la Yamaha XJR et FJ d'IWT Motorcycle Custom Parts<br>\nCe plateau de pression est une conversion du ressort \u00e0 membrane standard. Cette conversion dispose de 6 ressorts h\u00e9lico\u00efdaux et d'un plateau de pression renforc\u00e9e<br>\nCet ensemble emp\u00eache un embrayage \u00e0 patiner et garantit que la puissance est d\u00e9livr\u00e9e plus facilement<br>\nIWT a utilis\u00e9 des mat\u00e9riaux de haute qualit\u00e9 et une ing\u00e9nierie optimale. Cela signifie que nous n'avons pas opt\u00e9 pour la solution bon march\u00e9, mais que nous avons cr\u00e9\u00e9 un produit avec une longue dur\u00e9e de vie qui r\u00e9pond aux normes \u00e9lev\u00e9es d'un embrayage renforc\u00e9. Produit allemand\/n\u00e9erlandais<br>\n\u2013 Aluminium 6061 T6 usin\u00e9 CNC. Combine une haute r\u00e9sistance avec une excellente r\u00e9sistance \u00e0 la corrosion.<br>\n\u2013 Finition : noir, anodis\u00e9 dur.<br>\n\u2013 Roulement : roulement \u00e0 billes \u00e0 gorge profonde 6003 C4. Il convient aux temp\u00e9ratures \u00e9lev\u00e9es jusqu'\u00e0 250 \u00b0C et aux vitesses \u00e9lev\u00e9es (18 000 tr\/min). Sp\u00e9cification d'origine Yamaha<br>\n\u2013 Ressorts d'embrayage (6 pi\u00e8ces) : VDSiCr Chrome silicium tremp\u00e9 \u00e0 l'huile pour des applications extr\u00eamement dynamiques. Tr\u00e8s r\u00e9sistant \u00e0 la fatigue et \u00e0 la temp\u00e9rature<br>\n\u2013 Supports de ressort et vis (6 pi\u00e8ces) : titane GR5. Tr\u00e8s l\u00e9ger et plus r\u00e9sistant que l'acier. La forme sp\u00e9ciale de ces supports emp\u00eache les ressorts de se d\u00e9placer lat\u00e9ralement lorsque l'embrayage est actionn\u00e9.<br>\nInstallation facile. Ensemble complet avec instructions d'installation en fran\u00e7ais<br>\nIls conviennent \u00e0 tous les mod\u00e8les et ann\u00e9es de Yamaha XJR1200, XJR1300, FJ1100 et FJ1200.<\/p>","protected":false},"excerpt":{"rendered":"<p>Yamaha XJR en FJ versterkte koppelingsdrukplaatset van IWT. Deze drukplaat is een conversie van de standaard, enkele diafragmaveer naar 6 spiraalveren en versterkte drukplaat. Deze&#8230;<\/p>","protected":false},"featured_media":8207,"comment_status":"open","ping_status":"closed","template":"","meta":[],"product_brand":[],"product_cat":[197,105,193],"product_tag":[],"class_list":{"0":"post-8206","1":"product","2":"type-product","3":"status-publish","4":"has-post-thumbnail","6":"product_cat-trw-koppelingsplaten","7":"product_cat-yamaha-xjr-koppelingsdeksels-met-venster","8":"product_cat-koppelingsdrukplaten-xjr-fj","10":"first","11":"instock","12":"featured","13":"taxable","14":"shipping-taxable","15":"purchasable","16":"product-type-simple"},"_links":{"self":[{"href":"https:\/\/iwt-customparts.com\/fr\/wp-json\/wp\/v2\/product\/8206","targetHints":{"allow":["GET"]}}],"collection":[{"href":"https:\/\/iwt-customparts.com\/fr\/wp-json\/wp\/v2\/product"}],"about":[{"href":"https:\/\/iwt-customparts.com\/fr\/wp-json\/wp\/v2\/types\/product"}],"replies":[{"embeddable":true,"href":"https:\/\/iwt-customparts.com\/fr\/wp-json\/wp\/v2\/comments?post=8206"}],"wp:featuredmedia":[{"embeddable":true,"href":"https:\/\/iwt-customparts.com\/fr\/wp-json\/wp\/v2\/media\/8207"}],"wp:attachment":[{"href":"https:\/\/iwt-customparts.com\/fr\/wp-json\/wp\/v2\/media?parent=8206"}],"wp:term":[{"taxonomy":"product_brand","embeddable":true,"href":"https:\/\/iwt-customparts.com\/fr\/wp-json\/wp\/v2\/product_brand?post=8206"},{"taxonomy":"product_cat","embeddable":true,"href":"https:\/\/iwt-customparts.com\/fr\/wp-json\/wp\/v2\/product_cat?post=8206"},{"taxonomy":"product_tag","embeddable":true,"href":"https:\/\/iwt-customparts.com\/fr\/wp-json\/wp\/v2\/product_tag?post=8206"}],"curies":[{"name":"wp","href":"https:\/\/api.w.org\/{rel}","templated":true}]}}