{"id":8061,"date":"2025-08-31T19:57:05","date_gmt":"2025-08-31T17:57:05","guid":{"rendered":"https:\/\/iwt-customparts.com\/?post_type=product&#038;p=8061"},"modified":"2025-10-30T23:27:56","modified_gmt":"2025-10-30T22:27:56","slug":"kit-adaptateur-de-filtre-a-huile-xjr-fj-noir-anodise","status":"publish","type":"product","link":"https:\/\/iwt-customparts.com\/fr\/product\/oliefilter-adapterset-xjr-fj-zwart\/","title":{"rendered":"Kit d'adaptateur de filtre \u00e0 huile XJR\/FJ, noir"},"content":{"rendered":"<p class=\"translation-block\">Ce kit d'adaptateur de filtre \u00e0 huile rend la vidange du moteur tr\u00e8s facile. Il vous suffit de visser le nouveau filtre<br>\nL'ensemble se compose de :<br>\n* Adaptateur en aluminium usin\u00e9 CNC avec passage d'huile am\u00e9lior\u00e9. 100\u2009% anodis\u00e9<br>\n* Douille M20x1,5 mm en inox<br>\n* Joint torique Viton de haute qualit\u00e9 et r\u00e9sistant \u00e0 la chaleur (200 \u00b0C) au lieu du joint torique en caoutchouc NBR d'origine de qualit\u00e9 inf\u00e9rieure (100 \u00b0C)<br>\n* En finition anodis\u00e9e noire MX6\/7.Ne se d\u00e9colore pas<br>\nConvient \u00e0 tous les mod\u00e8les Yamaha XJR1200, XJR1300, FJ1100 et FJ1200. Fabriqu\u00e9 aux Pays-Bas\/Allemagne<br>\n\nFiltre rotatif noir (MANN W 79) ou chrom\u00e9 (HiFlo HF174C) au choix<br>\nAttention ! : Ceux-ci ne sont pas inclus dans cet ensemble et peuvent \u00eatre command\u00e9s sur cette page<\/p>","protected":false},"excerpt":{"rendered":"<p>Deze oliefilter adapterset maakt het olieverversen tot een fluitje van een cent. Je hoeft alleen het nieuwe filter erop te schroeven De set bestaat uit&#8230;<\/p>","protected":false},"featured_media":8062,"comment_status":"open","ping_status":"closed","template":"","meta":[],"product_brand":[],"product_cat":[157],"product_tag":[],"class_list":{"0":"post-8061","1":"product","2":"type-product","3":"status-publish","4":"has-post-thumbnail","6":"product_cat-oliefilter-adapter","8":"first","9":"instock","10":"featured","11":"taxable","12":"shipping-taxable","13":"purchasable","14":"product-type-simple"},"_links":{"self":[{"href":"https:\/\/iwt-customparts.com\/fr\/wp-json\/wp\/v2\/product\/8061","targetHints":{"allow":["GET"]}}],"collection":[{"href":"https:\/\/iwt-customparts.com\/fr\/wp-json\/wp\/v2\/product"}],"about":[{"href":"https:\/\/iwt-customparts.com\/fr\/wp-json\/wp\/v2\/types\/product"}],"replies":[{"embeddable":true,"href":"https:\/\/iwt-customparts.com\/fr\/wp-json\/wp\/v2\/comments?post=8061"}],"wp:featuredmedia":[{"embeddable":true,"href":"https:\/\/iwt-customparts.com\/fr\/wp-json\/wp\/v2\/media\/8062"}],"wp:attachment":[{"href":"https:\/\/iwt-customparts.com\/fr\/wp-json\/wp\/v2\/media?parent=8061"}],"wp:term":[{"taxonomy":"product_brand","embeddable":true,"href":"https:\/\/iwt-customparts.com\/fr\/wp-json\/wp\/v2\/product_brand?post=8061"},{"taxonomy":"product_cat","embeddable":true,"href":"https:\/\/iwt-customparts.com\/fr\/wp-json\/wp\/v2\/product_cat?post=8061"},{"taxonomy":"product_tag","embeddable":true,"href":"https:\/\/iwt-customparts.com\/fr\/wp-json\/wp\/v2\/product_tag?post=8061"}],"curies":[{"name":"wp","href":"https:\/\/api.w.org\/{rel}","templated":true}]}}