{"id":7918,"date":"2025-07-19T14:38:35","date_gmt":"2025-07-19T12:38:35","guid":{"rendered":"https:\/\/iwt-customparts.com\/?post_type=product&#038;p=7918"},"modified":"2026-03-20T14:19:54","modified_gmt":"2026-03-20T13:19:54","slug":"recepteur-d-embrayage-or","status":"publish","type":"product","link":"https:\/\/iwt-customparts.com\/fr\/product\/koppelingscilinder-goud\/","title":{"rendered":"R\u00e9cepteur d'embrayage, dor\u00e9"},"content":{"rendered":"<p class=\"translation-block\">*Tous les mod\u00e8les et ann\u00e9es de construction Yamaha XJR et FJ*<br>\nEnfin une solution abordable et de qualit\u00e9 ad\u00e9quate pour l'un des plus gros d\u00e9sagr\u00e9ments de la XJR et FJ. Le r\u00e9cepteur d'embrayage qui fuit<br>\nFabriqu\u00e9 par un sp\u00e9cialiste anglais avec 30 ans d'exp\u00e9rience dans les cylindres d'embrayage pour une large gamme de motos<br>\nLes diff\u00e9rences et les avantages par rapport au r\u00e9cepteur d'embrayage Yamaha XJR et FJ sont\u00a0:<br> \n- Usin\u00e9 CNC \u00e0 partir d'une seule pi\u00e8ce d'aluminium<br>\n- Compl\u00e8tement anodis\u00e9 de sorte que pratiquement aucune corrosion ne se produise<br>\n- Application high-tech du caoutchouc de piston Viton usin\u00e9 CNC au lieu du joint torique habituel<br>\n- Guide de piston fritt\u00e9 : fiabilit\u00e9 maximale, usure minimale<br><br>\nCouleur\u00a0: DOR\u00c9 (aussi disponible en noir, rouge, bleu et argent anodis\u00e9)<br> \nComprends :<br>\n- Vis de purge<br>\n- Entretoise pour boulon banjo<br> \n- Boulon banjo en Titane GR5  double et 3  rondelles<br>\n- Trois vis inox pour la fixation<br>\n- Protecteur tige de pouss\u00e9e d'embrayage\/joint d'huile<br>\nLes trois vis pour la fixation sont-si n\u00e9cessaire- \u00e9galement disponibles en Titane GR5. Voir ce produit ailleurs sur cette page.<\/p>","protected":false},"excerpt":{"rendered":"<p>Eindelijk een betaalbare en afdoende kwaliteitsoplossing voor \u00e9\u00e9n van de grootste ergernissen van de XJR. De lekkende koppelingscilinder. Gemaakt door een specialist uit Engeland met&#8230;<\/p>","protected":false},"featured_media":8263,"comment_status":"open","ping_status":"closed","template":"","meta":[],"product_brand":[],"product_cat":[151],"product_tag":[],"class_list":{"0":"post-7918","1":"product","2":"type-product","3":"status-publish","4":"has-post-thumbnail","6":"product_cat-koppelingscilinder","8":"first","9":"instock","10":"featured","11":"taxable","12":"shipping-taxable","13":"purchasable","14":"product-type-simple"},"_links":{"self":[{"href":"https:\/\/iwt-customparts.com\/fr\/wp-json\/wp\/v2\/product\/7918","targetHints":{"allow":["GET"]}}],"collection":[{"href":"https:\/\/iwt-customparts.com\/fr\/wp-json\/wp\/v2\/product"}],"about":[{"href":"https:\/\/iwt-customparts.com\/fr\/wp-json\/wp\/v2\/types\/product"}],"replies":[{"embeddable":true,"href":"https:\/\/iwt-customparts.com\/fr\/wp-json\/wp\/v2\/comments?post=7918"}],"wp:featuredmedia":[{"embeddable":true,"href":"https:\/\/iwt-customparts.com\/fr\/wp-json\/wp\/v2\/media\/8263"}],"wp:attachment":[{"href":"https:\/\/iwt-customparts.com\/fr\/wp-json\/wp\/v2\/media?parent=7918"}],"wp:term":[{"taxonomy":"product_brand","embeddable":true,"href":"https:\/\/iwt-customparts.com\/fr\/wp-json\/wp\/v2\/product_brand?post=7918"},{"taxonomy":"product_cat","embeddable":true,"href":"https:\/\/iwt-customparts.com\/fr\/wp-json\/wp\/v2\/product_cat?post=7918"},{"taxonomy":"product_tag","embeddable":true,"href":"https:\/\/iwt-customparts.com\/fr\/wp-json\/wp\/v2\/product_tag?post=7918"}],"curies":[{"name":"wp","href":"https:\/\/api.w.org\/{rel}","templated":true}]}}