{"id":7558,"date":"2025-04-29T23:41:26","date_gmt":"2025-04-29T21:41:26","guid":{"rendered":"https:\/\/iwt-customparts.com\/?post_type=product&#038;p=7558"},"modified":"2026-02-17T12:54:06","modified_gmt":"2026-02-17T11:54:06","slug":"protecteur-tige-de-poussee-d-embrayage","status":"publish","type":"product","link":"https:\/\/iwt-customparts.com\/fr\/product\/protector-koppelingsdrukstang\/","title":{"rendered":"Protecteur tige de pouss\u00e9e d'embrayage\/joint d'huile"},"content":{"rendered":"<p class=\"translation-block\">Protecteur pour la tige de pouss\u00e9e d'embrayage et le joint d'huile derri\u00e8re le couvre de la cha\u00eene.<br>\nEmp\u00eache d'endommager le joint d'huile dans le bloc moteur. \u00c0 chaque fois que l'embrayage est engag\u00e9, la tige sale frotte contre le joint. <br>\nFinalement, l'\u00e9tanch\u00e9it\u00e9 ne se fait plus correctement et du sable et de la salet\u00e9 p\u00e9n\u00e8trent dans le bloc moteur.\n<br>\nMat\u00e9riau : caoutchouc NBR r\u00e9sistant \u00e0 la chaleur et \u00e0 l'huile.<br>\nQuantit\u00e9 : 1 pi\u00e8ce<br>\nIl convient \u00e0 tous les mod\u00e8les XJR1200, XJR1300 et FJ.<br><\/p>","protected":false},"excerpt":{"rendered":"<p>Protector voor de koppelingsdrukstang en oliekeerring achter het kettingdeksel. Voorkomt schade aan de oliekeerring in het motorblok, doordat er vuil, olie, zand en water op&#8230;<\/p>","protected":false},"featured_media":7559,"comment_status":"open","ping_status":"closed","template":"","meta":[],"product_brand":[],"product_cat":[191,206,151,193],"product_tag":[],"class_list":{"0":"post-7558","1":"product","2":"type-product","3":"status-publish","4":"has-post-thumbnail","6":"product_cat-div-xjr-producten","7":"product_cat-xjr-fj-protector-drukstang","8":"product_cat-koppelingscilinder","9":"product_cat-koppelingsdrukplaten-xjr-fj","11":"first","12":"instock","13":"featured","14":"taxable","15":"shipping-taxable","16":"purchasable","17":"product-type-simple"},"_links":{"self":[{"href":"https:\/\/iwt-customparts.com\/fr\/wp-json\/wp\/v2\/product\/7558","targetHints":{"allow":["GET"]}}],"collection":[{"href":"https:\/\/iwt-customparts.com\/fr\/wp-json\/wp\/v2\/product"}],"about":[{"href":"https:\/\/iwt-customparts.com\/fr\/wp-json\/wp\/v2\/types\/product"}],"replies":[{"embeddable":true,"href":"https:\/\/iwt-customparts.com\/fr\/wp-json\/wp\/v2\/comments?post=7558"}],"wp:featuredmedia":[{"embeddable":true,"href":"https:\/\/iwt-customparts.com\/fr\/wp-json\/wp\/v2\/media\/7559"}],"wp:attachment":[{"href":"https:\/\/iwt-customparts.com\/fr\/wp-json\/wp\/v2\/media?parent=7558"}],"wp:term":[{"taxonomy":"product_brand","embeddable":true,"href":"https:\/\/iwt-customparts.com\/fr\/wp-json\/wp\/v2\/product_brand?post=7558"},{"taxonomy":"product_cat","embeddable":true,"href":"https:\/\/iwt-customparts.com\/fr\/wp-json\/wp\/v2\/product_cat?post=7558"},{"taxonomy":"product_tag","embeddable":true,"href":"https:\/\/iwt-customparts.com\/fr\/wp-json\/wp\/v2\/product_tag?post=7558"}],"curies":[{"name":"wp","href":"https:\/\/api.w.org\/{rel}","templated":true}]}}