{"id":7291,"date":"2025-02-25T01:43:07","date_gmt":"2025-02-25T00:43:07","guid":{"rendered":"https:\/\/iwt-customparts.com\/?post_type=product&#038;p=7291"},"modified":"2026-01-21T21:13:44","modified_gmt":"2026-01-21T20:13:44","slug":"xjr1200-1300-plaquettes-disque-arriere","status":"publish","type":"product","link":"https:\/\/iwt-customparts.com\/fr\/product\/xjr1200-1300-remblokken-achter\/","title":{"rendered":"XJR1200\/1300 1994-2001, plaquettes de disque, arri\u00e8re"},"content":{"rendered":"<div id=\"fws_69efbcc467057\"  data-column-margin=\"default\" data-midnight=\"dark\"  class=\"wpb_row vc_row-fluid vc_row\"  style=\"padding-top: 0px; padding-bottom: 0px; \"><div class=\"row-bg-wrap\" data-bg-animation=\"none\" data-bg-animation-delay=\"\" data-bg-overlay=\"false\"><div class=\"inner-wrap row-bg-layer\" ><div class=\"row-bg viewport-desktop\"  style=\"\"><\/div><\/div><\/div><div class=\"row_col_wrap_12 col span_12 dark left\">\n\t<div  class=\"vc_col-sm-12 wpb_column column_container vc_column_container col no-extra-padding inherit_tablet inherit_phone\"  data-padding-pos=\"all\" data-has-bg-color=\"false\" data-bg-color=\"\" data-bg-opacity=\"1\" data-animation=\"\" data-delay=\"0\" >\n\t\t<div class=\"vc_column-inner\" >\n\t\t\t<div class=\"wpb_wrapper\">\n\t\t\t\t\n<div class=\"wpb_text_column wpb_content_element\" >\n\t<p class=\"translation-block\"><strong>Plaquettes de frein Moto-Master 401804 pour disque arri\u00e8re.<\/strong>\n<br>\nIl convient pour : Yamaha XJR1200 et XJR1300 RP02 (1999-2001)<br>\nQuantit\u00e9 : jeu de 2 pi\u00e8ces, pour disque arri\u00e8re<br>\nMat\u00e9riau : carbone-c\u00e9ramique\n<br>\nLes plaquettes de frein Moto-Master conviennent \u00e0 tous les disques OEM, mais en combinaison avec les disques de frein Moto-Master, \nles plaquettes de frein fonctionnent de mani\u00e8re optimale. <br>Les plaquettes de frein Moto-Master offrent un freinage puissant et uniforme dans les conditions les plus difficiles.<\/p>\n<\/div>\n\n\n\n\n\t\t\t<\/div> \n\t\t<\/div>\n\t<\/div> \n<\/div><\/div>","protected":false},"excerpt":{"rendered":"Moto-Master 401804 remblokken voor de achterschijf. Geschikt voor: Yamaha XJR1200 en XJR1300 RP02 (1999-2001) Aantal: set van 2 stuks, voor de achterremschijf. Moto-Master remblokken zijn...","protected":false},"featured_media":7320,"comment_status":"open","ping_status":"closed","template":"","meta":[],"product_brand":[],"product_cat":[199],"product_tag":[],"class_list":{"0":"post-7291","1":"product","2":"type-product","3":"status-publish","4":"has-post-thumbnail","6":"product_cat-xjr-remschijven-blokken","8":"first","9":"instock","10":"taxable","11":"shipping-taxable","12":"purchasable","13":"product-type-simple"},"_links":{"self":[{"href":"https:\/\/iwt-customparts.com\/fr\/wp-json\/wp\/v2\/product\/7291","targetHints":{"allow":["GET"]}}],"collection":[{"href":"https:\/\/iwt-customparts.com\/fr\/wp-json\/wp\/v2\/product"}],"about":[{"href":"https:\/\/iwt-customparts.com\/fr\/wp-json\/wp\/v2\/types\/product"}],"replies":[{"embeddable":true,"href":"https:\/\/iwt-customparts.com\/fr\/wp-json\/wp\/v2\/comments?post=7291"}],"wp:featuredmedia":[{"embeddable":true,"href":"https:\/\/iwt-customparts.com\/fr\/wp-json\/wp\/v2\/media\/7320"}],"wp:attachment":[{"href":"https:\/\/iwt-customparts.com\/fr\/wp-json\/wp\/v2\/media?parent=7291"}],"wp:term":[{"taxonomy":"product_brand","embeddable":true,"href":"https:\/\/iwt-customparts.com\/fr\/wp-json\/wp\/v2\/product_brand?post=7291"},{"taxonomy":"product_cat","embeddable":true,"href":"https:\/\/iwt-customparts.com\/fr\/wp-json\/wp\/v2\/product_cat?post=7291"},{"taxonomy":"product_tag","embeddable":true,"href":"https:\/\/iwt-customparts.com\/fr\/wp-json\/wp\/v2\/product_tag?post=7291"}],"curies":[{"name":"wp","href":"https:\/\/api.w.org\/{rel}","templated":true}]}}