{"id":6158,"date":"2023-12-11T17:52:00","date_gmt":"2023-12-11T15:52:00","guid":{"rendered":"https:\/\/iwt-customparts.com\/?post_type=product&#038;p=6158"},"modified":"2026-03-25T20:02:02","modified_gmt":"2026-03-25T19:02:02","slug":"durite-embrayage-xjr-rouge","status":"publish","type":"product","link":"https:\/\/iwt-customparts.com\/fr\/product\/rvs-titanium-koppelingsleiding-xjr-rood\/","title":{"rendered":"Durite aviation embrayage inox\/Titane XJR, rouge"},"content":{"rendered":"<p class=\"translation-block\"><strong>Durite aviation d'embrayage Goodridge en acier inoxydable\/titane pour la XJR. (En combinaison avec le r\u00e9cepteur d'embrayage IWT)<\/strong><br>\nLa durite aviation d'embrayage tress\u00e9e en acier pour la Yamaha XJR de Goodridge sont de qualit\u00e9 sup\u00e9rieure. Des d\u00e9cennies d'exp\u00e9rience dans le domaine des courses font de Goodridge le leader du march\u00e9.\nCette durite d'embrayage assure un bon dosage et un bon point d'application lors du fonctionnement de l'embrayage.\nCette durite est une excellente combinaison avec le r\u00e9cepteur d'embrayage IWT de la m\u00eame couleur ou d'une couleur contrast\u00e9e.\n<strong>Mat\u00e9riau durite\u00a0: <\/strong> PTFE avec acier inoxydable tress\u00e9. Pression de service 290 bar (4205)(psi). Rev\u00eatement PVC en quatre couleurs.\n<br>\n<strong>Mat\u00e9riau raccords et vis banjo<\/strong>\nRaccords en acier inoxydable poli et vis banjo Titane GR5. Le meilleur des deux mondes.\n<br>\n<strong>Quantit\u00e9 de durite\u00a0:<\/strong> 1 pi\u00e8ce.\n<br>\n<strong>Quantit\u00e9 des vis banjo en titane :<\/strong>\n1 pi\u00e8ce et 2 rondelles en aluminium. Le deuxi\u00e8me vis banjo est fourni avec le r\u00e9cepteur d'embrayage.\n<br>\n<strong>Mod\u00e8les :<\/strong> Tous les mod\u00e8les Yamaha XJR1200 et XJR1300<br>\n<strong>Ann\u00e9es :<\/strong> Toutes les ann\u00e9es 1995-2026<br>\n<strong>Couleur<\/strong> : Rouge<\/p>","protected":false},"excerpt":{"rendered":"<p>Goodridge RVS\/Titanium koppelingsleiding voor de XJR (Te gebruiken in combinatie met de IWT-koppelingscilinder) Staalomvlochten koppelingsleidingen voor de Yamaha XJR van Goodridge zijn van topkwaliteit. Tientallen&#8230;<\/p>","protected":false},"featured_media":8781,"comment_status":"open","ping_status":"closed","template":"","meta":[],"product_brand":[],"product_cat":[189,93,151],"product_tag":[],"class_list":{"0":"post-6158","1":"product","2":"type-product","3":"status-publish","4":"has-post-thumbnail","6":"product_cat-goodridge-xjr","7":"product_cat-overig","8":"product_cat-koppelingscilinder","10":"first","11":"instock","12":"taxable","13":"shipping-taxable","14":"purchasable","15":"product-type-simple"},"_links":{"self":[{"href":"https:\/\/iwt-customparts.com\/fr\/wp-json\/wp\/v2\/product\/6158","targetHints":{"allow":["GET"]}}],"collection":[{"href":"https:\/\/iwt-customparts.com\/fr\/wp-json\/wp\/v2\/product"}],"about":[{"href":"https:\/\/iwt-customparts.com\/fr\/wp-json\/wp\/v2\/types\/product"}],"replies":[{"embeddable":true,"href":"https:\/\/iwt-customparts.com\/fr\/wp-json\/wp\/v2\/comments?post=6158"}],"wp:featuredmedia":[{"embeddable":true,"href":"https:\/\/iwt-customparts.com\/fr\/wp-json\/wp\/v2\/media\/8781"}],"wp:attachment":[{"href":"https:\/\/iwt-customparts.com\/fr\/wp-json\/wp\/v2\/media?parent=6158"}],"wp:term":[{"taxonomy":"product_brand","embeddable":true,"href":"https:\/\/iwt-customparts.com\/fr\/wp-json\/wp\/v2\/product_brand?post=6158"},{"taxonomy":"product_cat","embeddable":true,"href":"https:\/\/iwt-customparts.com\/fr\/wp-json\/wp\/v2\/product_cat?post=6158"},{"taxonomy":"product_tag","embeddable":true,"href":"https:\/\/iwt-customparts.com\/fr\/wp-json\/wp\/v2\/product_tag?post=6158"}],"curies":[{"name":"wp","href":"https:\/\/api.w.org\/{rel}","templated":true}]}}