{"id":6122,"date":"2023-12-08T20:20:48","date_gmt":"2023-12-08T18:20:48","guid":{"rendered":"https:\/\/iwt-customparts.com\/?post_type=product&#038;p=6122"},"modified":"2026-03-25T19:53:01","modified_gmt":"2026-03-25T18:53:01","slug":"durites-rp06-ca","status":"publish","type":"product","link":"https:\/\/iwt-customparts.com\/fr\/product\/rvs-ti-remleidingen-xjr1300-rp06-ca\/","title":{"rendered":"Durites aviations frein et embrayage en acier inoxydable\/titane pour la Yamaha XJR1300 2002-2016, carbone"},"content":{"rendered":"<p class=\"translation-block\"><strong>Kit complet de durites aviations moto Goodridge S\u00e9rie 600 en acier inoxydable\/titane pour la Yamaha XJR<\/strong>\n<br>\nChez IWT Motorcycle Custom Parts, nous fournissons ces durites comme l'original Yamaha. Donc les m\u00eames longueurs et nombres. De plus, la taille des cl\u00e9s des vis banjo en titane est identique \u00e0 celle d'origine. 12 mm. <br>Les durites aviations de frein pour la Yamaha XJR de Goodridge sont de qualit\u00e9 sup\u00e9rieure. Am\u00e9liorez la puissance et les performances de votre freinage moto avec nos durites aviations Goodridge qui vous procureront un meilleur feeling et plus de pr\u00e9cision.\nLes durites aviations ne se d\u00e9forment pas sous la pression du liquide de frein. <br>\nLa doublure en PTFE est tress\u00e9e avec de l'acier inoxydable pour offrir une sensation constante du levier de frein et d'embrayage, \u00e9liminant toute spongiosit\u00e9 que l'on peut trouver avec le tuyau en caoutchouc \u00e9quivalent.<br>\nComprend des manchons en caoutchouc, des vis banjo en titane GR5 et des rondelles aluminium\n<br>\n<strong>Mat\u00e9riau durites\u00a0: <\/strong> PTFE avec acier inoxydable tress\u00e9. Pression de service 290 bar (4205)(psi). Rev\u00eatement PVC en trois couleurs.\n<br>\n<strong>Mat\u00e9riau raccords et vis banjo<\/strong>\nRaccords en acier inoxydable poli et vis banjo Titane GR5. Le meilleur des deux mondes.\n<br>\n<strong>Quantit\u00e9 de durites\u00a0:<\/strong> 4 pi\u00e8ces comme l'OEM. Kit complet. Frein avant\u00a0: 2x, frein arri\u00e8re\u00a0: 1x et embrayage\u00a0: 1x.\n<br>\n<strong>Quantit\u00e9 des vis banjo en titane :<\/strong>\n7 pi\u00e8ces. (5x simples et 2x doubles) et 16 rondelles en aluminium\n<br>\n<strong>Mod\u00e8les :<\/strong> Yamaha XJR1300<br>\n<strong>Ann\u00e9es :<\/strong>2002-2016 (RP06, RP10, RP19, RP19C)<br>\n<strong>Couleur<\/strong> : Carbone. Sur commande. Comptez une semaine pour l\u2019exp\u00e9dition.<\/p>","protected":false},"excerpt":{"rendered":"<p>Complete set Goodridge RVS\/Titanium remleidingen voor de XJR Staalomvlochten remleidingen voor de Yamaha XJR van Goodridge zijn van topkwaliteit. Tientallen jaren ervaring in de racerij,&#8230;<\/p>","protected":false},"featured_media":8789,"comment_status":"open","ping_status":"closed","template":"","meta":[],"product_brand":[],"product_cat":[189,93],"product_tag":[],"class_list":{"0":"post-6122","1":"product","2":"type-product","3":"status-publish","4":"has-post-thumbnail","6":"product_cat-goodridge-xjr","7":"product_cat-overig","9":"first","10":"instock","11":"taxable","12":"shipping-taxable","13":"purchasable","14":"product-type-simple"},"_links":{"self":[{"href":"https:\/\/iwt-customparts.com\/fr\/wp-json\/wp\/v2\/product\/6122","targetHints":{"allow":["GET"]}}],"collection":[{"href":"https:\/\/iwt-customparts.com\/fr\/wp-json\/wp\/v2\/product"}],"about":[{"href":"https:\/\/iwt-customparts.com\/fr\/wp-json\/wp\/v2\/types\/product"}],"replies":[{"embeddable":true,"href":"https:\/\/iwt-customparts.com\/fr\/wp-json\/wp\/v2\/comments?post=6122"}],"wp:featuredmedia":[{"embeddable":true,"href":"https:\/\/iwt-customparts.com\/fr\/wp-json\/wp\/v2\/media\/8789"}],"wp:attachment":[{"href":"https:\/\/iwt-customparts.com\/fr\/wp-json\/wp\/v2\/media?parent=6122"}],"wp:term":[{"taxonomy":"product_brand","embeddable":true,"href":"https:\/\/iwt-customparts.com\/fr\/wp-json\/wp\/v2\/product_brand?post=6122"},{"taxonomy":"product_cat","embeddable":true,"href":"https:\/\/iwt-customparts.com\/fr\/wp-json\/wp\/v2\/product_cat?post=6122"},{"taxonomy":"product_tag","embeddable":true,"href":"https:\/\/iwt-customparts.com\/fr\/wp-json\/wp\/v2\/product_tag?post=6122"}],"curies":[{"name":"wp","href":"https:\/\/api.w.org\/{rel}","templated":true}]}}