{"id":5438,"date":"2023-09-24T15:19:05","date_gmt":"2023-09-24T13:19:05","guid":{"rendered":"https:\/\/iwt-customparts.com\/?post_type=product&#038;p=5438"},"modified":"2025-01-22T00:48:45","modified_gmt":"2025-01-21T23:48:45","slug":"titane-boulon-fixation-silencieux","status":"publish","type":"product","link":"https:\/\/iwt-customparts.com\/fr\/product\/titaniumbouten-bevestiging-demper\/","title":{"rendered":"Titane boulon Fixation silencieux 1995-2006 (2 pcs)"},"content":{"rendered":"<p class=\"translation-block\">Boulons en titane hexagonal avec bride pour fixer le silencieux au repose-pieds passagers<br>\nMat\u00e9riau : Titane GR5 \u00e0 haute r\u00e9sistance \u00e0 la traction. Classe 10.9<br>\nDimensions : M10x1,25 T\u00eate hexagonale avec bride. Largeur de cl\u00e9 12 mm comme original<br>\nMod\u00e8les : Tous les mod\u00e8les Yamaha XJR 1995-2006<br>\nQuantit\u00e9 : 2 pi\u00e8ces<\/p>","protected":false},"excerpt":{"rendered":"<p>Zeskant bouten met flens voor de bevestiging van de uitlaatdempers aan de voetsteunen van de passagier Materiaal: Titanium GR5 van hoge treksterkte. Klasse 10.9 Maatvoering:&#8230;<\/p>","protected":false},"featured_media":6022,"comment_status":"open","ping_status":"closed","template":"","meta":[],"product_brand":[],"product_cat":[87],"product_tag":[],"class_list":{"0":"post-5438","1":"product","2":"type-product","3":"status-publish","4":"has-post-thumbnail","6":"product_cat-titanium","8":"first","9":"instock","10":"taxable","11":"shipping-taxable","12":"purchasable","13":"product-type-simple"},"_links":{"self":[{"href":"https:\/\/iwt-customparts.com\/fr\/wp-json\/wp\/v2\/product\/5438","targetHints":{"allow":["GET"]}}],"collection":[{"href":"https:\/\/iwt-customparts.com\/fr\/wp-json\/wp\/v2\/product"}],"about":[{"href":"https:\/\/iwt-customparts.com\/fr\/wp-json\/wp\/v2\/types\/product"}],"replies":[{"embeddable":true,"href":"https:\/\/iwt-customparts.com\/fr\/wp-json\/wp\/v2\/comments?post=5438"}],"wp:featuredmedia":[{"embeddable":true,"href":"https:\/\/iwt-customparts.com\/fr\/wp-json\/wp\/v2\/media\/6022"}],"wp:attachment":[{"href":"https:\/\/iwt-customparts.com\/fr\/wp-json\/wp\/v2\/media?parent=5438"}],"wp:term":[{"taxonomy":"product_brand","embeddable":true,"href":"https:\/\/iwt-customparts.com\/fr\/wp-json\/wp\/v2\/product_brand?post=5438"},{"taxonomy":"product_cat","embeddable":true,"href":"https:\/\/iwt-customparts.com\/fr\/wp-json\/wp\/v2\/product_cat?post=5438"},{"taxonomy":"product_tag","embeddable":true,"href":"https:\/\/iwt-customparts.com\/fr\/wp-json\/wp\/v2\/product_tag?post=5438"}],"curies":[{"name":"wp","href":"https:\/\/api.w.org\/{rel}","templated":true}]}}