{"id":5384,"date":"2023-09-17T00:03:27","date_gmt":"2023-09-16T22:03:27","guid":{"rendered":"https:\/\/iwt-customparts.com\/?post_type=product&#038;p=5384"},"modified":"2024-11-27T16:05:54","modified_gmt":"2024-11-27T15:05:54","slug":"vis-en-titane-pincement-bas-de-fourche","status":"publish","type":"product","link":"https:\/\/iwt-customparts.com\/fr\/product\/titanium-voorvork-klembout\/","title":{"rendered":"Vis en titane Pincement Bas de Fourche"},"content":{"rendered":"<p class=\"translation-block\">Pincement bas de fourche<br>\nMat\u00e9riau : Titane GR5 \u00e0 haute r\u00e9sistance \u00e0 la traction. Classe 10.9<br>\nDimensions : M8x45x1,25 hexagone<br>\nMod\u00e8les : Tous les mod\u00e8les Yamaha XJR1200 et XJR1300 1995-2016<br>\nQuantit\u00e9 : 1 pi\u00e8ce<\/p>","protected":false},"excerpt":{"rendered":"<p>Klembout rechtsonder ten behoeve van de voorvorkas Materiaal: Titanium GR5 van hoge treksterkte. Klasse 10.9 Maatvoering: M8x45x1.25 inbus Modellen: Alle modellen Yamaha XJR1200 en XJR1300&#8230;<\/p>","protected":false},"featured_media":6021,"comment_status":"open","ping_status":"closed","template":"","meta":[],"product_brand":[],"product_cat":[87],"product_tag":[],"class_list":{"0":"post-5384","1":"product","2":"type-product","3":"status-publish","4":"has-post-thumbnail","6":"product_cat-titanium","8":"first","9":"instock","10":"taxable","11":"shipping-taxable","12":"purchasable","13":"product-type-simple"},"_links":{"self":[{"href":"https:\/\/iwt-customparts.com\/fr\/wp-json\/wp\/v2\/product\/5384","targetHints":{"allow":["GET"]}}],"collection":[{"href":"https:\/\/iwt-customparts.com\/fr\/wp-json\/wp\/v2\/product"}],"about":[{"href":"https:\/\/iwt-customparts.com\/fr\/wp-json\/wp\/v2\/types\/product"}],"replies":[{"embeddable":true,"href":"https:\/\/iwt-customparts.com\/fr\/wp-json\/wp\/v2\/comments?post=5384"}],"wp:featuredmedia":[{"embeddable":true,"href":"https:\/\/iwt-customparts.com\/fr\/wp-json\/wp\/v2\/media\/6021"}],"wp:attachment":[{"href":"https:\/\/iwt-customparts.com\/fr\/wp-json\/wp\/v2\/media?parent=5384"}],"wp:term":[{"taxonomy":"product_brand","embeddable":true,"href":"https:\/\/iwt-customparts.com\/fr\/wp-json\/wp\/v2\/product_brand?post=5384"},{"taxonomy":"product_cat","embeddable":true,"href":"https:\/\/iwt-customparts.com\/fr\/wp-json\/wp\/v2\/product_cat?post=5384"},{"taxonomy":"product_tag","embeddable":true,"href":"https:\/\/iwt-customparts.com\/fr\/wp-json\/wp\/v2\/product_tag?post=5384"}],"curies":[{"name":"wp","href":"https:\/\/api.w.org\/{rel}","templated":true}]}}