{"id":4745,"date":"2023-05-25T19:44:26","date_gmt":"2023-05-25T19:44:26","guid":{"rendered":"https:\/\/iwt-customparts.com\/?post_type=product&#038;p=4745"},"modified":"2025-10-30T23:57:50","modified_gmt":"2025-10-30T22:57:50","slug":"tige-de-frein-noir-mat-anodise","status":"publish","type":"product","link":"https:\/\/iwt-customparts.com\/fr\/product\/trekstang-achterrem-zwart-geanodiseerd\/","title":{"rendered":"Tige de frein, noir mat anodis\u00e9"},"content":{"rendered":"<p class=\"translation-block\">Mat\u00e9riau: aluminium anodis\u00e9 noir mat \u00e0 haute r\u00e9sistance \u00e0 la traction<br>\nR\u00e9sistant aux UV (MX6\/7 noir)\nMod\u00e8les: tous les mod\u00e8les Yamaha XJR1200 et XJR1300<\/p>","protected":false},"excerpt":{"rendered":"<p class=\"translation-block\">Mat\u00e9riau: aluminium anodis\u00e9 noir mat \u00e0 haute r\u00e9sistance \u00e0 la traction<br>\nR\u00e9sistant aux UV (MX6\/7 noir)\nMod\u00e8les: tous les mod\u00e8les Yamaha XJR1200 et XJR1300<\/p>","protected":false},"featured_media":6034,"comment_status":"open","ping_status":"closed","template":"","meta":[],"product_brand":[],"product_cat":[101],"product_tag":[],"class_list":{"0":"post-4745","1":"product","2":"type-product","3":"status-publish","4":"has-post-thumbnail","6":"product_cat-yamaha-xjr-trekstangen-achterrem","8":"first","9":"instock","10":"taxable","11":"shipping-taxable","12":"purchasable","13":"product-type-simple"},"_links":{"self":[{"href":"https:\/\/iwt-customparts.com\/fr\/wp-json\/wp\/v2\/product\/4745","targetHints":{"allow":["GET"]}}],"collection":[{"href":"https:\/\/iwt-customparts.com\/fr\/wp-json\/wp\/v2\/product"}],"about":[{"href":"https:\/\/iwt-customparts.com\/fr\/wp-json\/wp\/v2\/types\/product"}],"replies":[{"embeddable":true,"href":"https:\/\/iwt-customparts.com\/fr\/wp-json\/wp\/v2\/comments?post=4745"}],"wp:featuredmedia":[{"embeddable":true,"href":"https:\/\/iwt-customparts.com\/fr\/wp-json\/wp\/v2\/media\/6034"}],"wp:attachment":[{"href":"https:\/\/iwt-customparts.com\/fr\/wp-json\/wp\/v2\/media?parent=4745"}],"wp:term":[{"taxonomy":"product_brand","embeddable":true,"href":"https:\/\/iwt-customparts.com\/fr\/wp-json\/wp\/v2\/product_brand?post=4745"},{"taxonomy":"product_cat","embeddable":true,"href":"https:\/\/iwt-customparts.com\/fr\/wp-json\/wp\/v2\/product_cat?post=4745"},{"taxonomy":"product_tag","embeddable":true,"href":"https:\/\/iwt-customparts.com\/fr\/wp-json\/wp\/v2\/product_tag?post=4745"}],"curies":[{"name":"wp","href":"https:\/\/api.w.org\/{rel}","templated":true}]}}