{"id":4450,"date":"2023-03-18T19:23:56","date_gmt":"2023-03-18T19:23:56","guid":{"rendered":"https:\/\/iwt-customparts.com\/?post_type=product&#038;p=4450"},"modified":"2025-10-26T13:36:25","modified_gmt":"2025-10-26T12:36:25","slug":"couvercle-d-allumage-argent-anodise-transparent","status":"publish","type":"product","link":"https:\/\/iwt-customparts.com\/fr\/product\/ontstekingsdeksel-zilver-geanodiseerd-met-venster\/","title":{"rendered":"Couvercle d'allumage, argent. Transparent avec vis en Titane"},"content":{"rendered":"<p>Mat\u00e9riau : aluminium monobloc usin\u00e9 CNC de haute qualit\u00e9<br \/>\nFinition : argent anodis\u00e9<br \/>\nPlaque transparent : PMMA r\u00e9sistant aux UV et aux rayures<br \/>\nMod\u00e8les : Tous les mod\u00e8les Yamaha XJR1200 et XJR1300<br \/>\nCompris: 4 vis en titane GR5 avec des caoutchoucs de silicone r\u00e9sistants \u00e0 la chaleur<\/p>","protected":false},"excerpt":{"rendered":"<p>Materiaal: uit \u00e9\u00e9n stuk cnc bewerkt hoogwaardig aluminium Afwerking: zilver geanodiseerd Venster: UV-bestendig en krasvast PMMA Modellen: alle modellen Yamaha XJR1200 en XJR1300 Inclusief 4&#8230;<\/p>","protected":false},"featured_media":8214,"comment_status":"open","ping_status":"closed","template":"","meta":[],"product_brand":[],"product_cat":[103],"product_tag":[],"class_list":{"0":"post-4450","1":"product","2":"type-product","3":"status-publish","4":"has-post-thumbnail","6":"product_cat-yamaha-xjr-ontstekingsdeksels","8":"first","9":"instock","10":"taxable","11":"shipping-taxable","12":"purchasable","13":"product-type-simple"},"_links":{"self":[{"href":"https:\/\/iwt-customparts.com\/fr\/wp-json\/wp\/v2\/product\/4450","targetHints":{"allow":["GET"]}}],"collection":[{"href":"https:\/\/iwt-customparts.com\/fr\/wp-json\/wp\/v2\/product"}],"about":[{"href":"https:\/\/iwt-customparts.com\/fr\/wp-json\/wp\/v2\/types\/product"}],"replies":[{"embeddable":true,"href":"https:\/\/iwt-customparts.com\/fr\/wp-json\/wp\/v2\/comments?post=4450"}],"wp:featuredmedia":[{"embeddable":true,"href":"https:\/\/iwt-customparts.com\/fr\/wp-json\/wp\/v2\/media\/8214"}],"wp:attachment":[{"href":"https:\/\/iwt-customparts.com\/fr\/wp-json\/wp\/v2\/media?parent=4450"}],"wp:term":[{"taxonomy":"product_brand","embeddable":true,"href":"https:\/\/iwt-customparts.com\/fr\/wp-json\/wp\/v2\/product_brand?post=4450"},{"taxonomy":"product_cat","embeddable":true,"href":"https:\/\/iwt-customparts.com\/fr\/wp-json\/wp\/v2\/product_cat?post=4450"},{"taxonomy":"product_tag","embeddable":true,"href":"https:\/\/iwt-customparts.com\/fr\/wp-json\/wp\/v2\/product_tag?post=4450"}],"curies":[{"name":"wp","href":"https:\/\/api.w.org\/{rel}","templated":true}]}}