{"id":4445,"date":"2023-03-18T19:20:07","date_gmt":"2023-03-18T19:20:07","guid":{"rendered":"https:\/\/iwt-customparts.com\/?post_type=product&#038;p=4445"},"modified":"2025-10-30T23:29:45","modified_gmt":"2025-10-30T22:29:45","slug":"couvercle-d-allumage-noir-transparent","status":"publish","type":"product","link":"https:\/\/iwt-customparts.com\/fr\/product\/ontstekingsdeksel-zwart-met-venster\/","title":{"rendered":"Couvercle d'allumage, noir. Transparent avec vis en Titane"},"content":{"rendered":"<p class=\"translation-block\">Couvercle d'allumage en aluminium usin\u00e9 CNC de haute qualit\u00e9.<br>\nAnodisation dure, r\u00e9sistante aux UV et \u00e0 la chaleur \u2014 couleur durable.<br>\nFen\u00eatre en acrylique r\u00e9sistant aux UV pour une vision claire de l\u2019int\u00e9rieur.<br>\n<strong>Incluses vis en titane GR5 avec bouchons en silicone pour un montage facile et s\u00fbr.<br>\nUne am\u00e9lioration \u00e9l\u00e9gante et durable pour votre Yamaha XJR1200 et XJR1300.<\/strong><\/p>","protected":false},"excerpt":{"rendered":"<p>Materiaal: uit \u00e9\u00e9n stuk cnc bewerkt hoogwaardig aluminium Afwerking: hard-geanodiseerd, UV en hittebestendig. Kleurecht. Kleur: zwart Venster: UV-bestendig Acrylaat Modellen: alle modellen Yamaha XJR1200, XJR1300&#8230;<\/p>","protected":false},"featured_media":8212,"comment_status":"open","ping_status":"closed","template":"","meta":[],"product_brand":[],"product_cat":[103],"product_tag":[],"class_list":{"0":"post-4445","1":"product","2":"type-product","3":"status-publish","4":"has-post-thumbnail","6":"product_cat-yamaha-xjr-ontstekingsdeksels","8":"first","9":"instock","10":"taxable","11":"shipping-taxable","12":"purchasable","13":"product-type-simple"},"_links":{"self":[{"href":"https:\/\/iwt-customparts.com\/fr\/wp-json\/wp\/v2\/product\/4445","targetHints":{"allow":["GET"]}}],"collection":[{"href":"https:\/\/iwt-customparts.com\/fr\/wp-json\/wp\/v2\/product"}],"about":[{"href":"https:\/\/iwt-customparts.com\/fr\/wp-json\/wp\/v2\/types\/product"}],"replies":[{"embeddable":true,"href":"https:\/\/iwt-customparts.com\/fr\/wp-json\/wp\/v2\/comments?post=4445"}],"wp:featuredmedia":[{"embeddable":true,"href":"https:\/\/iwt-customparts.com\/fr\/wp-json\/wp\/v2\/media\/8212"}],"wp:attachment":[{"href":"https:\/\/iwt-customparts.com\/fr\/wp-json\/wp\/v2\/media?parent=4445"}],"wp:term":[{"taxonomy":"product_brand","embeddable":true,"href":"https:\/\/iwt-customparts.com\/fr\/wp-json\/wp\/v2\/product_brand?post=4445"},{"taxonomy":"product_cat","embeddable":true,"href":"https:\/\/iwt-customparts.com\/fr\/wp-json\/wp\/v2\/product_cat?post=4445"},{"taxonomy":"product_tag","embeddable":true,"href":"https:\/\/iwt-customparts.com\/fr\/wp-json\/wp\/v2\/product_tag?post=4445"}],"curies":[{"name":"wp","href":"https:\/\/api.w.org\/{rel}","templated":true}]}}