{"id":289,"date":"2022-12-14T22:08:00","date_gmt":"2022-12-14T22:08:00","guid":{"rendered":"https:\/\/iwt-customparts.com\/?post_type=product&#038;p=289"},"modified":"2025-01-22T00:54:16","modified_gmt":"2025-01-21T23:54:16","slug":"vis-en-titane-commutateur-de-bequille-laterale","status":"publish","type":"product","link":"https:\/\/iwt-customparts.com\/fr\/product\/titaniumbouten-schakelaar-zijstandaard\/","title":{"rendered":"Vis en titane commutateur de b\u00e9quille lat\u00e9rale (2 pcs)"},"content":{"rendered":"<p class=\"translation-block\">Vis en titane commutateur de b\u00e9quille lat\u00e9rale<br>\nQuantit\u00e9 : Kit 2 pi\u00e8ces M5x16 mm<br>\nMat\u00e9riau : Titane GR5, de haute r\u00e9sistance \u00e0 la traction (10.9)<br>\nMod\u00e8les : tous les mod\u00e8les XJR1200 et XJR1300<\/p>","protected":false},"excerpt":{"rendered":"<p class=\"translation-block\">Vis en titane commutateur de b\u00e9quille lat\u00e9rale<br>\nQuantit\u00e9 : Kit 2 pi\u00e8ces M5x16 mm<br>\nMat\u00e9riau : Titane GR5, de haute r\u00e9sistance \u00e0 la traction (10.9)<br>\nMod\u00e8les : tous les mod\u00e8les XJR1200 et XJR1300<\/p>","protected":false},"featured_media":4299,"comment_status":"open","ping_status":"closed","template":"","meta":[],"product_brand":[],"product_cat":[87],"product_tag":[],"class_list":{"0":"post-289","1":"product","2":"type-product","3":"status-publish","4":"has-post-thumbnail","6":"product_cat-titanium","8":"first","9":"instock","10":"taxable","11":"shipping-taxable","12":"purchasable","13":"product-type-simple"},"_links":{"self":[{"href":"https:\/\/iwt-customparts.com\/fr\/wp-json\/wp\/v2\/product\/289","targetHints":{"allow":["GET"]}}],"collection":[{"href":"https:\/\/iwt-customparts.com\/fr\/wp-json\/wp\/v2\/product"}],"about":[{"href":"https:\/\/iwt-customparts.com\/fr\/wp-json\/wp\/v2\/types\/product"}],"replies":[{"embeddable":true,"href":"https:\/\/iwt-customparts.com\/fr\/wp-json\/wp\/v2\/comments?post=289"}],"wp:featuredmedia":[{"embeddable":true,"href":"https:\/\/iwt-customparts.com\/fr\/wp-json\/wp\/v2\/media\/4299"}],"wp:attachment":[{"href":"https:\/\/iwt-customparts.com\/fr\/wp-json\/wp\/v2\/media?parent=289"}],"wp:term":[{"taxonomy":"product_brand","embeddable":true,"href":"https:\/\/iwt-customparts.com\/fr\/wp-json\/wp\/v2\/product_brand?post=289"},{"taxonomy":"product_cat","embeddable":true,"href":"https:\/\/iwt-customparts.com\/fr\/wp-json\/wp\/v2\/product_cat?post=289"},{"taxonomy":"product_tag","embeddable":true,"href":"https:\/\/iwt-customparts.com\/fr\/wp-json\/wp\/v2\/product_tag?post=289"}],"curies":[{"name":"wp","href":"https:\/\/api.w.org\/{rel}","templated":true}]}}