{"id":282,"date":"2022-11-11T22:24:00","date_gmt":"2022-11-11T22:24:00","guid":{"rendered":"https:\/\/iwt-customparts.com\/?post_type=product&#038;p=282"},"modified":"2025-01-22T00:57:58","modified_gmt":"2025-01-21T23:57:58","slug":"vis-en-titane-platines-repose-pieds","status":"publish","type":"product","link":"https:\/\/iwt-customparts.com\/fr\/product\/titaniumbouten-voetsteunen\/","title":{"rendered":"Vis en titane platines repose-pieds (11 pcs)"},"content":{"rendered":"<p class=\"translation-block\">Vis en titane platines repose-pieds, arri\u00e8re et avant, support maitre cylindre et \u00e9crou p\u00e9dale de frein<br>\nQuantit\u00e9 : Kit complet 11 pi\u00e8ces: 2x M8x20, 8x M8x16 avec bride, \u00e9crous M8 anti-desserage<br>\nMat\u00e9riau : Titane GR5, de haute r\u00e9sistance \u00e0 la traction (10.9)<br>\nMod\u00e8les : tous les mod\u00e8les XJR1200 et XJR1300<\/p>","protected":false},"excerpt":{"rendered":"<p>Titaniumbouten voetsteunen voor en achter, L+R, remcillinder en moer remschakelaar Aantal: Set van\u00a0 11 stuks : 2x M8x20 mm, 8x M8x16 mm met flens, 1x&#8230;<\/p>","protected":false},"featured_media":4320,"comment_status":"open","ping_status":"closed","template":"","meta":[],"product_brand":[],"product_cat":[87],"product_tag":[],"class_list":{"0":"post-282","1":"product","2":"type-product","3":"status-publish","4":"has-post-thumbnail","6":"product_cat-titanium","8":"first","9":"instock","10":"taxable","11":"shipping-taxable","12":"purchasable","13":"product-type-simple"},"_links":{"self":[{"href":"https:\/\/iwt-customparts.com\/fr\/wp-json\/wp\/v2\/product\/282","targetHints":{"allow":["GET"]}}],"collection":[{"href":"https:\/\/iwt-customparts.com\/fr\/wp-json\/wp\/v2\/product"}],"about":[{"href":"https:\/\/iwt-customparts.com\/fr\/wp-json\/wp\/v2\/types\/product"}],"replies":[{"embeddable":true,"href":"https:\/\/iwt-customparts.com\/fr\/wp-json\/wp\/v2\/comments?post=282"}],"wp:featuredmedia":[{"embeddable":true,"href":"https:\/\/iwt-customparts.com\/fr\/wp-json\/wp\/v2\/media\/4320"}],"wp:attachment":[{"href":"https:\/\/iwt-customparts.com\/fr\/wp-json\/wp\/v2\/media?parent=282"}],"wp:term":[{"taxonomy":"product_brand","embeddable":true,"href":"https:\/\/iwt-customparts.com\/fr\/wp-json\/wp\/v2\/product_brand?post=282"},{"taxonomy":"product_cat","embeddable":true,"href":"https:\/\/iwt-customparts.com\/fr\/wp-json\/wp\/v2\/product_cat?post=282"},{"taxonomy":"product_tag","embeddable":true,"href":"https:\/\/iwt-customparts.com\/fr\/wp-json\/wp\/v2\/product_tag?post=282"}],"curies":[{"name":"wp","href":"https:\/\/api.w.org\/{rel}","templated":true}]}}