{"id":280,"date":"2022-11-08T22:29:00","date_gmt":"2022-11-08T22:29:00","guid":{"rendered":"https:\/\/iwt-customparts.com\/?post_type=product&#038;p=280"},"modified":"2025-01-22T00:58:15","modified_gmt":"2025-01-21T23:58:15","slug":"vis-en-titane-radiateur-d-huile","status":"publish","type":"product","link":"https:\/\/iwt-customparts.com\/fr\/product\/titaniumbouten-oliekoeler\/","title":{"rendered":"Vis en titane radiateur d'huile (15 pcs)"},"content":{"rendered":"<p class=\"translation-block\">Vis en titane radiateur d'huile: support cadre, conduites droit\/gauche, support conduits moteur, couverture droit\/gauche<br>\nQuantit\u00e9 : Kit 15 pi\u00e8ces: 4x M6x40 mm, 3x M6x20 mm, 4x M6x25 mm, 4x M6x10 mm<br>\nMat\u00e9riau : Titane GR5, de haute r\u00e9sistance \u00e0 la traction (10.9)<br>\nMod\u00e8les : tous les mod\u00e8les XJR1200 et XJR1300<\/p>","protected":false},"excerpt":{"rendered":"<p>Titaniumbouten oliekoelerbevestiging:\u00a0 frame, kapjes links\/rechts, aansluitingen koeler links\/rechts en motorblok Aantal: Set van 15 stuks: 4x M6x40 mm, 3x M6x20 mm, 4x M6x25 mm, 4x&#8230;<\/p>","protected":false},"featured_media":4321,"comment_status":"open","ping_status":"closed","template":"","meta":[],"product_brand":[],"product_cat":[87],"product_tag":[],"class_list":{"0":"post-280","1":"product","2":"type-product","3":"status-publish","4":"has-post-thumbnail","6":"product_cat-titanium","8":"first","9":"instock","10":"taxable","11":"shipping-taxable","12":"purchasable","13":"product-type-simple"},"_links":{"self":[{"href":"https:\/\/iwt-customparts.com\/fr\/wp-json\/wp\/v2\/product\/280","targetHints":{"allow":["GET"]}}],"collection":[{"href":"https:\/\/iwt-customparts.com\/fr\/wp-json\/wp\/v2\/product"}],"about":[{"href":"https:\/\/iwt-customparts.com\/fr\/wp-json\/wp\/v2\/types\/product"}],"replies":[{"embeddable":true,"href":"https:\/\/iwt-customparts.com\/fr\/wp-json\/wp\/v2\/comments?post=280"}],"wp:featuredmedia":[{"embeddable":true,"href":"https:\/\/iwt-customparts.com\/fr\/wp-json\/wp\/v2\/media\/4321"}],"wp:attachment":[{"href":"https:\/\/iwt-customparts.com\/fr\/wp-json\/wp\/v2\/media?parent=280"}],"wp:term":[{"taxonomy":"product_brand","embeddable":true,"href":"https:\/\/iwt-customparts.com\/fr\/wp-json\/wp\/v2\/product_brand?post=280"},{"taxonomy":"product_cat","embeddable":true,"href":"https:\/\/iwt-customparts.com\/fr\/wp-json\/wp\/v2\/product_cat?post=280"},{"taxonomy":"product_tag","embeddable":true,"href":"https:\/\/iwt-customparts.com\/fr\/wp-json\/wp\/v2\/product_tag?post=280"}],"curies":[{"name":"wp","href":"https:\/\/api.w.org\/{rel}","templated":true}]}}