{"id":278,"date":"2022-11-05T23:11:00","date_gmt":"2022-11-05T21:11:00","guid":{"rendered":"https:\/\/iwt-customparts.com\/?post_type=product&#038;p=278"},"modified":"2025-05-05T01:01:58","modified_gmt":"2025-05-04T23:01:58","slug":"boulons-titane-amortisseurs-arriere-superieurs-1300","status":"publish","type":"product","link":"https:\/\/iwt-customparts.com\/fr\/product\/titaniumbouten-schokdempers-boven-1300\/","title":{"rendered":"Boulons en titane amortisseur arri\u00e8re sup\u00e9rieur, XJR1300 (2 pcs)"},"content":{"rendered":"<p class=\"translation-block\">Vis en titane support amortisseur arri\u00e8rre sup\u00e9rieur. Droit et gauche<br>\nQuantit\u00e9 : Kit 2 pi\u00e8ces M8x25 mm<br>\nMat\u00e9riau : Titane GR5, de haute r\u00e9sistance \u00e0 la traction (10.9)<br>\nMod\u00e8les : tous les mod\u00e8les XJR1300<\/p>","protected":false},"excerpt":{"rendered":"<p class=\"translation-block\">Vis en titane support amortisseur arri\u00e8rre sup\u00e9rieur. Droit et gauche<br>\nQuantit\u00e9 : Kit 2 pi\u00e8ces M8x25 mm<br>\nMat\u00e9riau : Titane GR5, de haute r\u00e9sistance \u00e0 la traction (10.9)<br>\nMod\u00e8les : tous les mod\u00e8les XJR1300<\/p>","protected":false},"featured_media":4340,"comment_status":"open","ping_status":"closed","template":"","meta":[],"product_brand":[],"product_cat":[87],"product_tag":[],"class_list":{"0":"post-278","1":"product","2":"type-product","3":"status-publish","4":"has-post-thumbnail","6":"product_cat-titanium","8":"first","9":"instock","10":"taxable","11":"shipping-taxable","12":"purchasable","13":"product-type-simple"},"_links":{"self":[{"href":"https:\/\/iwt-customparts.com\/fr\/wp-json\/wp\/v2\/product\/278","targetHints":{"allow":["GET"]}}],"collection":[{"href":"https:\/\/iwt-customparts.com\/fr\/wp-json\/wp\/v2\/product"}],"about":[{"href":"https:\/\/iwt-customparts.com\/fr\/wp-json\/wp\/v2\/types\/product"}],"replies":[{"embeddable":true,"href":"https:\/\/iwt-customparts.com\/fr\/wp-json\/wp\/v2\/comments?post=278"}],"wp:featuredmedia":[{"embeddable":true,"href":"https:\/\/iwt-customparts.com\/fr\/wp-json\/wp\/v2\/media\/4340"}],"wp:attachment":[{"href":"https:\/\/iwt-customparts.com\/fr\/wp-json\/wp\/v2\/media?parent=278"}],"wp:term":[{"taxonomy":"product_brand","embeddable":true,"href":"https:\/\/iwt-customparts.com\/fr\/wp-json\/wp\/v2\/product_brand?post=278"},{"taxonomy":"product_cat","embeddable":true,"href":"https:\/\/iwt-customparts.com\/fr\/wp-json\/wp\/v2\/product_cat?post=278"},{"taxonomy":"product_tag","embeddable":true,"href":"https:\/\/iwt-customparts.com\/fr\/wp-json\/wp\/v2\/product_tag?post=278"}],"curies":[{"name":"wp","href":"https:\/\/api.w.org\/{rel}","templated":true}]}}