{"id":277,"date":"2022-11-05T22:33:00","date_gmt":"2022-11-05T22:33:00","guid":{"rendered":"https:\/\/iwt-customparts.com\/?post_type=product&#038;p=277"},"modified":"2026-01-29T11:31:17","modified_gmt":"2026-01-29T10:31:17","slug":"vis-en-titane-support-de-phare-2015-2016","status":"publish","type":"product","link":"https:\/\/iwt-customparts.com\/fr\/product\/titaniumbouten-koplampsteunen-2015-2016\/","title":{"rendered":"Vis en titane supports de phare de fourche 2015\u20132016 (6 pcs)"},"content":{"rendered":"<p class=\"translation-block\">Vis en titane support de phare gauche, droit et \u00e0 la t\u00eate de direction<br>\nQuantit\u00e9 : Kit 6 pi\u00e8ces\u00a0: 6x M6x20 mm<br>\nMat\u00e9riau : Titane GR5, haute r\u00e9sistance \u00e0 la traction (10.9)<br>\nMod\u00e8les : XJR1300 (2015-2016)<\/p>","protected":false},"excerpt":{"rendered":"<p>Titaniumbouten ten behoeve van de koplampsteunen en kroonplaat onder Aantal: Set van 6 stuks: 4xM6x20, 2xM6x25 mm Materiaal: Titanium GR5 van hoge treksterke. Treksterkte &gt;&#8230;<\/p>","protected":false},"featured_media":4315,"comment_status":"open","ping_status":"closed","template":"","meta":[],"product_brand":[],"product_cat":[87],"product_tag":[],"class_list":{"0":"post-277","1":"product","2":"type-product","3":"status-publish","4":"has-post-thumbnail","6":"product_cat-titanium","8":"first","9":"instock","10":"taxable","11":"shipping-taxable","12":"purchasable","13":"product-type-simple"},"_links":{"self":[{"href":"https:\/\/iwt-customparts.com\/fr\/wp-json\/wp\/v2\/product\/277","targetHints":{"allow":["GET"]}}],"collection":[{"href":"https:\/\/iwt-customparts.com\/fr\/wp-json\/wp\/v2\/product"}],"about":[{"href":"https:\/\/iwt-customparts.com\/fr\/wp-json\/wp\/v2\/types\/product"}],"replies":[{"embeddable":true,"href":"https:\/\/iwt-customparts.com\/fr\/wp-json\/wp\/v2\/comments?post=277"}],"wp:featuredmedia":[{"embeddable":true,"href":"https:\/\/iwt-customparts.com\/fr\/wp-json\/wp\/v2\/media\/4315"}],"wp:attachment":[{"href":"https:\/\/iwt-customparts.com\/fr\/wp-json\/wp\/v2\/media?parent=277"}],"wp:term":[{"taxonomy":"product_brand","embeddable":true,"href":"https:\/\/iwt-customparts.com\/fr\/wp-json\/wp\/v2\/product_brand?post=277"},{"taxonomy":"product_cat","embeddable":true,"href":"https:\/\/iwt-customparts.com\/fr\/wp-json\/wp\/v2\/product_cat?post=277"},{"taxonomy":"product_tag","embeddable":true,"href":"https:\/\/iwt-customparts.com\/fr\/wp-json\/wp\/v2\/product_tag?post=277"}],"curies":[{"name":"wp","href":"https:\/\/api.w.org\/{rel}","templated":true}]}}