{"id":272,"date":"2022-10-16T11:53:00","date_gmt":"2022-10-16T09:53:00","guid":{"rendered":"https:\/\/iwt-customparts.com\/?post_type=product&#038;p=272"},"modified":"2026-03-02T23:19:50","modified_gmt":"2026-03-02T22:19:50","slug":"36y-pipes-admission","status":"publish","type":"product","link":"https:\/\/iwt-customparts.com\/fr\/product\/inlaatrubbers-36y\/","title":{"rendered":"36Y Pipes d'admission XJR1200, XJR1300 et vis en titane"},"content":{"rendered":"<p class=\"translation-block\">La XJR est limit\u00e9e par l'utilisation de pipes d'admission de plus petit diam\u00e8tre. Ceux-ci peuvent \u00eatre remplac\u00e9s par des pipes Yamaha FJ de 32 mm connus sous le num\u00e9ro \"36Y\"<br>\nCeux-ci augmentent la puissance de pointe d'environ 5 CV sans aucune modification du carburateur<br>\nTr\u00e8s facile \u00e0 \u00e9changer. Des instructions d\u00e9taill\u00e9es \u00e9tape par \u00e9tape sont incluses dans la livraison<br>\nFabriqu\u00e9 au Japon par un OEM Yamaha (Original Equipment Manufacturer) Donc pas de copies chinoises bon march\u00e9 de mauvaise qualit\u00e9 !<br>\n\nQuantit\u00e9: Jeu complet de 4 pipes d'admission avec joints torique<br>\nMat\u00e9riau : caoutchouc vulcanis\u00e9 et mat\u00e9riau composite<br>\nDiam\u00e8tre int\u00e9rieur : 32 mm<br>\nMod\u00e8les : tous les mod\u00e8les XJR1200 et XJR1300 avec carburateur **<br>\nFixation : avec des vis en titane (8 pi\u00e8ces) inclus<br>\n<span style=\"color: #ff0000\">** S'adapte aux nouveaux mod\u00e8les apr\u00e8s 2001, mais avec une petite modification des trous de montage de la bo\u00eete du filtre \u00e0 air. C'est simple et expliqu\u00e9 dans le manuel<br>\n<\/span><\/p>","protected":false},"excerpt":{"rendered":"<p>Deze originele Japanse inlaatrubbers van Tourmax (geen Chinese, goedkope namaak),hebben een grotere binnendiameter waardoor ongeveer 5 pk vermogenswinst wordt bereikt zonder aanpassingen aan b.v. carburateursproeiers&#8230;.<\/p>","protected":false},"featured_media":6707,"comment_status":"open","ping_status":"closed","template":"","meta":[],"product_brand":[],"product_cat":[190],"product_tag":[],"class_list":{"0":"post-272","1":"product","2":"type-product","3":"status-publish","4":"has-post-thumbnail","6":"product_cat-tourmax-36y-xjr-fj","8":"first","9":"instock","10":"taxable","11":"shipping-taxable","12":"purchasable","13":"product-type-simple"},"_links":{"self":[{"href":"https:\/\/iwt-customparts.com\/fr\/wp-json\/wp\/v2\/product\/272","targetHints":{"allow":["GET"]}}],"collection":[{"href":"https:\/\/iwt-customparts.com\/fr\/wp-json\/wp\/v2\/product"}],"about":[{"href":"https:\/\/iwt-customparts.com\/fr\/wp-json\/wp\/v2\/types\/product"}],"replies":[{"embeddable":true,"href":"https:\/\/iwt-customparts.com\/fr\/wp-json\/wp\/v2\/comments?post=272"}],"wp:featuredmedia":[{"embeddable":true,"href":"https:\/\/iwt-customparts.com\/fr\/wp-json\/wp\/v2\/media\/6707"}],"wp:attachment":[{"href":"https:\/\/iwt-customparts.com\/fr\/wp-json\/wp\/v2\/media?parent=272"}],"wp:term":[{"taxonomy":"product_brand","embeddable":true,"href":"https:\/\/iwt-customparts.com\/fr\/wp-json\/wp\/v2\/product_brand?post=272"},{"taxonomy":"product_cat","embeddable":true,"href":"https:\/\/iwt-customparts.com\/fr\/wp-json\/wp\/v2\/product_cat?post=272"},{"taxonomy":"product_tag","embeddable":true,"href":"https:\/\/iwt-customparts.com\/fr\/wp-json\/wp\/v2\/product_tag?post=272"}],"curies":[{"name":"wp","href":"https:\/\/api.w.org\/{rel}","templated":true}]}}