{"id":246,"date":"2020-12-22T13:29:00","date_gmt":"2020-12-22T13:29:00","guid":{"rendered":"https:\/\/iwt-customparts.com\/?post_type=product&#038;p=246"},"modified":"2025-04-18T11:35:00","modified_gmt":"2025-04-18T09:35:00","slug":"titane-vis-etriers-de-frein-xjr1300-2002-2016","status":"publish","type":"product","link":"https:\/\/iwt-customparts.com\/fr\/product\/titanium-remankerbouten-xjr1300-2002-2016\/","title":{"rendered":"Titane vis \u00e9triers de frein XJR1300 2002-2016 (6 pcs)"},"content":{"rendered":"<p class=\"translation-block\">Titane vis \u00e9triers de frein. 6 pi\u00e8ces, kit complet<br>\n4x M10x30 mm avant \/ 2x M10x35 mm arri\u00e8re<br>\nMat\u00e9riel: Titane GR5, de haute r\u00e9sistance \u00e0 la traction (10.9)<br>\nMod\u00e8les: XJR1300 RP06, RP10, RP19 (2002-2016)<\/p>","protected":false},"excerpt":{"rendered":"<p>Materiaal: Titanium GR5 van hoge treksterkte. Klasse 10.9 Maatvoering: 4x M10x30 mm voor\/ 2x\u00a0 M10x35 mm achter Modellen: Yamaha XJR1300 RP06, RP10, RP19 (vanaf 2002-2016)&#8230;<\/p>","protected":false},"featured_media":4356,"comment_status":"open","ping_status":"closed","template":"","meta":[],"product_brand":[],"product_cat":[87],"product_tag":[],"class_list":{"0":"post-246","1":"product","2":"type-product","3":"status-publish","4":"has-post-thumbnail","6":"product_cat-titanium","8":"first","9":"instock","10":"taxable","11":"shipping-taxable","12":"purchasable","13":"product-type-simple"},"_links":{"self":[{"href":"https:\/\/iwt-customparts.com\/fr\/wp-json\/wp\/v2\/product\/246","targetHints":{"allow":["GET"]}}],"collection":[{"href":"https:\/\/iwt-customparts.com\/fr\/wp-json\/wp\/v2\/product"}],"about":[{"href":"https:\/\/iwt-customparts.com\/fr\/wp-json\/wp\/v2\/types\/product"}],"replies":[{"embeddable":true,"href":"https:\/\/iwt-customparts.com\/fr\/wp-json\/wp\/v2\/comments?post=246"}],"wp:featuredmedia":[{"embeddable":true,"href":"https:\/\/iwt-customparts.com\/fr\/wp-json\/wp\/v2\/media\/4356"}],"wp:attachment":[{"href":"https:\/\/iwt-customparts.com\/fr\/wp-json\/wp\/v2\/media?parent=246"}],"wp:term":[{"taxonomy":"product_brand","embeddable":true,"href":"https:\/\/iwt-customparts.com\/fr\/wp-json\/wp\/v2\/product_brand?post=246"},{"taxonomy":"product_cat","embeddable":true,"href":"https:\/\/iwt-customparts.com\/fr\/wp-json\/wp\/v2\/product_cat?post=246"},{"taxonomy":"product_tag","embeddable":true,"href":"https:\/\/iwt-customparts.com\/fr\/wp-json\/wp\/v2\/product_tag?post=246"}],"curies":[{"name":"wp","href":"https:\/\/api.w.org\/{rel}","templated":true}]}}