{"id":244,"date":"2020-12-22T11:47:00","date_gmt":"2020-12-22T11:47:00","guid":{"rendered":"https:\/\/iwt-customparts.com\/?post_type=product&#038;p=244"},"modified":"2025-10-11T15:51:08","modified_gmt":"2025-10-11T13:51:08","slug":"titane-kit-goujons-et-ecrous-de-collecteur-echappement","status":"publish","type":"product","link":"https:\/\/iwt-customparts.com\/fr\/product\/titanium-tapeinden-moeren\/","title":{"rendered":"Titane Kit goujons et \u00e9crous de collecteur \u00e9chappement (16 pcs)"},"content":{"rendered":"<p class=\"translation-block\">Titane Kit complet de \u00e9crous et goujons de collecteur \u00e9chappement (16 pcs)<br>\nMat\u00e9riel: Titane GR5, de haute r\u00e9sistance \u00e0 la traction (10.9)<br>\nSp\u00e9cifications: M8x1.25, Autobloquant m\u00e9tallique, Taille 12 mm d'origine Yamaha<br>\nMod\u00e8les: tous les mod\u00e8les Yamaha XJR1200, XJR1300, YZF R<\/p>","protected":false},"excerpt":{"rendered":"<p>Voor altijd verlost van afbrekende en vastgeroeste tapeinden en moeren. Set van 8 stuks moeren en 8 tapeinden. Materiaal: Titanium GR5 van hoge treksterkte. Klasse&#8230;<\/p>","protected":false},"featured_media":6528,"comment_status":"open","ping_status":"closed","template":"","meta":[],"product_brand":[],"product_cat":[190,87],"product_tag":[],"class_list":{"0":"post-244","1":"product","2":"type-product","3":"status-publish","4":"has-post-thumbnail","6":"product_cat-tourmax-36y-xjr-fj","7":"product_cat-titanium","9":"first","10":"instock","11":"taxable","12":"shipping-taxable","13":"purchasable","14":"product-type-simple"},"_links":{"self":[{"href":"https:\/\/iwt-customparts.com\/fr\/wp-json\/wp\/v2\/product\/244","targetHints":{"allow":["GET"]}}],"collection":[{"href":"https:\/\/iwt-customparts.com\/fr\/wp-json\/wp\/v2\/product"}],"about":[{"href":"https:\/\/iwt-customparts.com\/fr\/wp-json\/wp\/v2\/types\/product"}],"replies":[{"embeddable":true,"href":"https:\/\/iwt-customparts.com\/fr\/wp-json\/wp\/v2\/comments?post=244"}],"wp:featuredmedia":[{"embeddable":true,"href":"https:\/\/iwt-customparts.com\/fr\/wp-json\/wp\/v2\/media\/6528"}],"wp:attachment":[{"href":"https:\/\/iwt-customparts.com\/fr\/wp-json\/wp\/v2\/media?parent=244"}],"wp:term":[{"taxonomy":"product_brand","embeddable":true,"href":"https:\/\/iwt-customparts.com\/fr\/wp-json\/wp\/v2\/product_brand?post=244"},{"taxonomy":"product_cat","embeddable":true,"href":"https:\/\/iwt-customparts.com\/fr\/wp-json\/wp\/v2\/product_cat?post=244"},{"taxonomy":"product_tag","embeddable":true,"href":"https:\/\/iwt-customparts.com\/fr\/wp-json\/wp\/v2\/product_tag?post=244"}],"curies":[{"name":"wp","href":"https:\/\/api.w.org\/{rel}","templated":true}]}}