{"id":239,"date":"2020-12-16T14:12:00","date_gmt":"2020-12-16T14:12:00","guid":{"rendered":"https:\/\/iwt-customparts.com\/?post_type=product&#038;p=239"},"modified":"2024-12-13T17:17:28","modified_gmt":"2024-12-13T16:17:28","slug":"flasque-moteur-droit-argent-logo-bleu","status":"publish","type":"product","link":"https:\/\/iwt-customparts.com\/fr\/product\/krukasdeksel-yamaha-xjr-blauw-logo-geanodiseerd-6\/","title":{"rendered":"Flasque moteur droit argent, logo bleu"},"content":{"rendered":"<p class=\"translation-block\">Mat\u00e9riel: aluminium argent anodis\u00e9 avec logo Yamaha grav\u00e9 et anodis\u00e9 bleu<br>\nMod\u00e8les: tous les mod\u00e8les Yamaha XJR1200 et XJR1300<br>\nMontage: avec vis inox inclus<\/p>","protected":false},"excerpt":{"rendered":"<p class=\"translation-block\">Mat\u00e9riel: aluminium argent anodis\u00e9 avec logo Yamaha grav\u00e9 et anodis\u00e9 bleu<br>\nMod\u00e8les: tous les mod\u00e8les Yamaha XJR1200 et XJR1300<br>\nMontage: avec vis inox inclus<\/p>","protected":false},"featured_media":6552,"comment_status":"open","ping_status":"closed","template":"","meta":[],"product_brand":[],"product_cat":[104],"product_tag":[],"class_list":{"0":"post-239","1":"product","2":"type-product","3":"status-publish","4":"has-post-thumbnail","6":"product_cat-yamaha-xjr-krukasdeksels","8":"first","9":"instock","10":"taxable","11":"shipping-taxable","12":"purchasable","13":"product-type-simple"},"_links":{"self":[{"href":"https:\/\/iwt-customparts.com\/fr\/wp-json\/wp\/v2\/product\/239","targetHints":{"allow":["GET"]}}],"collection":[{"href":"https:\/\/iwt-customparts.com\/fr\/wp-json\/wp\/v2\/product"}],"about":[{"href":"https:\/\/iwt-customparts.com\/fr\/wp-json\/wp\/v2\/types\/product"}],"replies":[{"embeddable":true,"href":"https:\/\/iwt-customparts.com\/fr\/wp-json\/wp\/v2\/comments?post=239"}],"wp:featuredmedia":[{"embeddable":true,"href":"https:\/\/iwt-customparts.com\/fr\/wp-json\/wp\/v2\/media\/6552"}],"wp:attachment":[{"href":"https:\/\/iwt-customparts.com\/fr\/wp-json\/wp\/v2\/media?parent=239"}],"wp:term":[{"taxonomy":"product_brand","embeddable":true,"href":"https:\/\/iwt-customparts.com\/fr\/wp-json\/wp\/v2\/product_brand?post=239"},{"taxonomy":"product_cat","embeddable":true,"href":"https:\/\/iwt-customparts.com\/fr\/wp-json\/wp\/v2\/product_cat?post=239"},{"taxonomy":"product_tag","embeddable":true,"href":"https:\/\/iwt-customparts.com\/fr\/wp-json\/wp\/v2\/product_tag?post=239"}],"curies":[{"name":"wp","href":"https:\/\/api.w.org\/{rel}","templated":true}]}}