{"id":194,"date":"2019-05-20T13:31:00","date_gmt":"2019-05-20T13:31:00","guid":{"rendered":"https:\/\/iwt-customparts.com\/?post_type=product&#038;p=194"},"modified":"2025-10-31T00:15:48","modified_gmt":"2025-10-30T23:15:48","slug":"flasque-moteur-droit-noir-logo-bleu","status":"publish","type":"product","link":"https:\/\/iwt-customparts.com\/fr\/product\/krukasdeksel-zwart-blauw-logo\/","title":{"rendered":"Flasque moteur droit noir, logo bleu"},"content":{"rendered":"<p class=\"translation-block\">Flasque moteur droit en aluminium usin\u00e9 CNC.<br>\nCouleur : noir, anodis\u00e9 dur avec logo bleu. R\u00e9sistant aux UV et \u00e0 la chaleur. Ne se d\u00e9colore pas.<br>\nMod\u00e8les : tous les mod\u00e8les XJR1200 et XJR1300.<br>\nMontage : \u00e0 l'aide des boulons en acier inoxydable fournis.<\/p>","protected":false},"excerpt":{"rendered":"<p>Rechter krukasdeksel uit CNC bewerkt aluminium. Kleur: Zwart, hard geanodiseerd met blauw geanodiseerd Yamaha-logo. UV en hittebestendig. Verkleurt niet. Modellen: alle modellen XJR1200 en XJR1300&#8230;<\/p>","protected":false},"featured_media":6016,"comment_status":"open","ping_status":"closed","template":"","meta":[],"product_brand":[],"product_cat":[104],"product_tag":[],"class_list":{"0":"post-194","1":"product","2":"type-product","3":"status-publish","4":"has-post-thumbnail","6":"product_cat-yamaha-xjr-krukasdeksels","8":"first","9":"instock","10":"taxable","11":"shipping-taxable","12":"purchasable","13":"product-type-simple"},"_links":{"self":[{"href":"https:\/\/iwt-customparts.com\/fr\/wp-json\/wp\/v2\/product\/194","targetHints":{"allow":["GET"]}}],"collection":[{"href":"https:\/\/iwt-customparts.com\/fr\/wp-json\/wp\/v2\/product"}],"about":[{"href":"https:\/\/iwt-customparts.com\/fr\/wp-json\/wp\/v2\/types\/product"}],"replies":[{"embeddable":true,"href":"https:\/\/iwt-customparts.com\/fr\/wp-json\/wp\/v2\/comments?post=194"}],"wp:featuredmedia":[{"embeddable":true,"href":"https:\/\/iwt-customparts.com\/fr\/wp-json\/wp\/v2\/media\/6016"}],"wp:attachment":[{"href":"https:\/\/iwt-customparts.com\/fr\/wp-json\/wp\/v2\/media?parent=194"}],"wp:term":[{"taxonomy":"product_brand","embeddable":true,"href":"https:\/\/iwt-customparts.com\/fr\/wp-json\/wp\/v2\/product_brand?post=194"},{"taxonomy":"product_cat","embeddable":true,"href":"https:\/\/iwt-customparts.com\/fr\/wp-json\/wp\/v2\/product_cat?post=194"},{"taxonomy":"product_tag","embeddable":true,"href":"https:\/\/iwt-customparts.com\/fr\/wp-json\/wp\/v2\/product_tag?post=194"}],"curies":[{"name":"wp","href":"https:\/\/api.w.org\/{rel}","templated":true}]}}