{"id":112,"date":"2017-12-13T12:14:00","date_gmt":"2017-12-13T12:14:00","guid":{"rendered":"https:\/\/iwt-customparts.com\/?post_type=product&#038;p=112"},"modified":"2025-11-26T21:03:21","modified_gmt":"2025-11-26T20:03:21","slug":"titane-vis-disque-de-frein-xjr1300-2004-2016","status":"publish","type":"product","link":"https:\/\/iwt-customparts.com\/fr\/product\/remschijfbouten-xjr1300-2004-2016\/","title":{"rendered":"Titane vis disque de frein (18 pcs), XJR1300 (2004-2016)"},"content":{"rendered":"<p class=\"translation-block\">Mat\u00e9riel: Titane GR5 de haute r\u00e9sistance \u00e0 la traction (10.9)<br>\nMod\u00e8les: Yamaha XJR1300 (RP10, RP19, 2004-2016)<br>\nMontage: 18 pcs, kit complete, roue avant 12 pi\u00e8ces M6x20 mm + roue arri\u00e8re 6 pi\u00e8ces M8x25 mm<br>\nConception originale de Yamaha mais fabriqu\u00e9e dans des mat\u00e9riaux de qualit\u00e9 sup\u00e9rieure.<\/p>","protected":false},"excerpt":{"rendered":"<p>Materiaal: Titanium GR5 van hoge treksterkte. Klasse 10.9 Modellen: Yamaha XJR1300 (RP10, RP19) (2004-2016) Yamaha MT-01 Aantal: 18 stuks. Voorwiel 12 stuks M6x20 mm +&#8230;<\/p>","protected":false},"featured_media":6533,"comment_status":"open","ping_status":"closed","template":"","meta":[],"product_brand":[],"product_cat":[87],"product_tag":[],"class_list":{"0":"post-112","1":"product","2":"type-product","3":"status-publish","4":"has-post-thumbnail","6":"product_cat-titanium","8":"first","9":"instock","10":"taxable","11":"shipping-taxable","12":"purchasable","13":"product-type-simple"},"_links":{"self":[{"href":"https:\/\/iwt-customparts.com\/fr\/wp-json\/wp\/v2\/product\/112","targetHints":{"allow":["GET"]}}],"collection":[{"href":"https:\/\/iwt-customparts.com\/fr\/wp-json\/wp\/v2\/product"}],"about":[{"href":"https:\/\/iwt-customparts.com\/fr\/wp-json\/wp\/v2\/types\/product"}],"replies":[{"embeddable":true,"href":"https:\/\/iwt-customparts.com\/fr\/wp-json\/wp\/v2\/comments?post=112"}],"wp:featuredmedia":[{"embeddable":true,"href":"https:\/\/iwt-customparts.com\/fr\/wp-json\/wp\/v2\/media\/6533"}],"wp:attachment":[{"href":"https:\/\/iwt-customparts.com\/fr\/wp-json\/wp\/v2\/media?parent=112"}],"wp:term":[{"taxonomy":"product_brand","embeddable":true,"href":"https:\/\/iwt-customparts.com\/fr\/wp-json\/wp\/v2\/product_brand?post=112"},{"taxonomy":"product_cat","embeddable":true,"href":"https:\/\/iwt-customparts.com\/fr\/wp-json\/wp\/v2\/product_cat?post=112"},{"taxonomy":"product_tag","embeddable":true,"href":"https:\/\/iwt-customparts.com\/fr\/wp-json\/wp\/v2\/product_tag?post=112"}],"curies":[{"name":"wp","href":"https:\/\/api.w.org\/{rel}","templated":true}]}}