{"id":2,"date":"2021-12-20T10:39:00","date_gmt":"2021-12-20T10:39:00","guid":{"rendered":"https:\/\/iwt-customparts.com\/?page_id=2"},"modified":"2026-03-06T15:51:21","modified_gmt":"2026-03-06T14:51:21","slug":"expedition","status":"publish","type":"page","link":"https:\/\/iwt-customparts.com\/fr\/verzending\/","title":{"rendered":"Exp\u00e9dition"},"content":{"rendered":"<p class=\"translation-block\">Livraison et exp\u00e9dition \u2013 Mondial Relay (France): <br>\n\nLes commandes \u00e0 destination de la France sont exp\u00e9di\u00e9es via Mondial Relay vers le Point Relais s\u00e9lectionn\u00e9 lors de la commande.<br>\n\nD\u00e9lais de livraison\u00a0: <br>\n\nLe d\u00e9lai de livraison indicatif est g\u00e9n\u00e9ralement de 3 \u00e0 7 jours ouvr\u00e9s apr\u00e8s exp\u00e9dition.<br>\nEn p\u00e9riode de forte activit\u00e9 ou en cas d\u2019al\u00e9as logistiques du transporteur, ce d\u00e9lai peut \u00eatre prolong\u00e9.\nConform\u00e9ment au droit de la consommation applicable, la livraison intervient au plus tard dans un d\u00e9lai de 30 jours apr\u00e8s la commande, sauf accord contraire.<br>\n\nRetard de livraison : <br>\n\nUn colis peut occasionnellement subir un retard dans le r\u00e9seau Mondial Relay.\nUne enqu\u00eate transporteur est ouverte apr\u00e8s environ 10 jours sans \u00e9volution de suivi.\nSi aucune \u00e9volution n\u2019est constat\u00e9e apr\u00e8s 20 jours suivant la prise en charge par Mondial Relay, le colis est consid\u00e9r\u00e9 comme perdu dans le transport.\nNous proc\u00e9dons alors, au choix du client, soit \u00e0 une r\u00e9exp\u00e9dition sans frais, soit \u00e0 un remboursement int\u00e9gral.<br>\n\nColis retrouv\u00e9 apr\u00e8s r\u00e9exp\u00e9dition :<br>\n\nDans certains cas rares, un colis initialement retard\u00e9 peut \u00eatre livr\u00e9 apr\u00e8s l\u2019envoi d\u2019un colis de remplacement.\nSi deux exemplaires d\u2019un m\u00eame article sont ainsi re\u00e7us pour une seule commande, l\u2019article exc\u00e9dentaire reste la propri\u00e9t\u00e9 du vendeur.\nLe client s\u2019engage \u00e0 coop\u00e9rer au retour de cet article, sans aucun frais \u00e0 sa charge, ou \u00e0 en r\u00e9gler la conservation s\u2019il souhaite le garder.<br>\n\nTransfert de risque :<br>\n\nLe risque de perte ou d\u2019endommagement est transf\u00e9r\u00e9 au client uniquement lors de la remise physique du colis au Point Relais et de son retrait par le client.\n\nNous restons bien entendu disponibles pour toute assistance concernant le suivi ou la livraison.<br>\nDroit de r\u00e9tractation\u00a0:<br>\nAvec IWT, vous ne prenez aucun risque. Si l\u2019un des articles ne vous pla\u00eet pas pour une raison quelconque ou si vous constatez un vice, vous avez la possibilit\u00e9 de nous le renvoyer. Vous disposez d'un droit de r\u00e9tractation de 14 jours.  (la directive europ\u00e9enne 2011\/83).<br>Vous devez envoyer les marchandises de la m\u00eame mani\u00e8re qu'il a \u00e9t\u00e9 envoy\u00e9. C'est-\u00e0-dire\u00a0: Assur\u00e9, avec suivi et tra\u00e7abilit\u00e9. L'acheteur doit payer les frais de retour en cas de r\u00e9tractation<br>Vous serez rembours\u00e9 apr\u00e8s r\u00e9ception de la marchandise<br>\nVous avez d\u2019autres questions\u202f? Il vous suffit de nous contacter avant de nous renvoyer l\u2019article<br>\nPour les questions suppl\u00e9mentaires, utilisez le formulaire 'contact', ou envoyer un e-mail \u00e0 notre bureau hollandais\u00a0:  mail@iwt-customparts.com<br>\n<br>\nInformations sur la soci\u00e9t\u00e9\u00a0:<br><br>\n\nIWT Motorcycle Custom Parts<br>\nWendelenkamp 53<br>\n7091 TV  Dinxperlo<br>\nPays-Bas<br>\n<br>\nT\u00e9l\u00e9phone\u00a0: +31612162888<br>\nInternet\u00a0: https:\/\/iwt-customparts.com<br>\nEmail\u00a0: mail@iwt-customparts.com<br>\n<br>\nSIREN.: 82189749\nTVA\u00a0: NL003652986B88<br><br>\nCompte bancaire\u00a0: <br>\nIBAN\u00a0: NL18RBRB0919388019<br> \nBIC\/SWIFT\u00a0: RBRBNL21<br> \n<br>\nCompte PayPal\u00a0: iwtcustomparts@outlook.com<br><\/p>","protected":false},"excerpt":{"rendered":"<p>De bestelde onderdelen worden altijd per aangetekende post verstuurd, tenzij anders overeengekomen.Deze kosten zijn afhankelijk van het volume en het gewicht van de bestelling en&#8230;<\/p>","protected":false},"author":3,"featured_media":0,"parent":0,"menu_order":0,"comment_status":"closed","ping_status":"closed","template":"","meta":{"footnotes":""},"class_list":["post-2","page","type-page","status-publish"],"_links":{"self":[{"href":"https:\/\/iwt-customparts.com\/fr\/wp-json\/wp\/v2\/pages\/2","targetHints":{"allow":["GET"]}}],"collection":[{"href":"https:\/\/iwt-customparts.com\/fr\/wp-json\/wp\/v2\/pages"}],"about":[{"href":"https:\/\/iwt-customparts.com\/fr\/wp-json\/wp\/v2\/types\/page"}],"author":[{"embeddable":true,"href":"https:\/\/iwt-customparts.com\/fr\/wp-json\/wp\/v2\/users\/3"}],"replies":[{"embeddable":true,"href":"https:\/\/iwt-customparts.com\/fr\/wp-json\/wp\/v2\/comments?post=2"}],"version-history":[{"count":1,"href":"https:\/\/iwt-customparts.com\/fr\/wp-json\/wp\/v2\/pages\/2\/revisions"}],"predecessor-version":[{"id":8676,"href":"https:\/\/iwt-customparts.com\/fr\/wp-json\/wp\/v2\/pages\/2\/revisions\/8676"}],"wp:attachment":[{"href":"https:\/\/iwt-customparts.com\/fr\/wp-json\/wp\/v2\/media?parent=2"}],"curies":[{"name":"wp","href":"https:\/\/api.w.org\/{rel}","templated":true}]}}