{"id":7597,"date":"2025-05-05T00:00:44","date_gmt":"2025-05-04T22:00:44","guid":{"rendered":"https:\/\/iwt-customparts.com\/?post_type=product&#038;p=7597"},"modified":"2025-08-07T13:34:10","modified_gmt":"2025-08-07T11:34:10","slug":"titanbolzen-stossdaempfer-hinten-oben-1200","status":"publish","type":"product","link":"https:\/\/iwt-customparts.com\/de\/product\/titaniumbouten-schokdempers-boven-1200\/","title":{"rendered":"Titanschrauben Stossd\u00e4mpfer oben, XJR1200 (2 St.)"},"content":{"rendered":"<p class=\"translation-block\">Titanschrauben f\u00fcr die oberen Aufnahmen der Sto\u00dfd\u00e4mpfer<br>\nAnzahl: Satz von 2 St\u00fcck M8x20 mm<br>\nMaterial: Titan GR5 . Festigkeitsklasse 10.9<br>\nModelle: alle Modelle XJR1200<\/p>","protected":false},"excerpt":{"rendered":"<p class=\"translation-block\">Titanschrauben f\u00fcr die oberen Aufnahmen der Sto\u00dfd\u00e4mpfer<br>\nAnzahl: Satz von 2 St\u00fcck M8x20 mm<br>\nMaterial: Titan GR5 . Festigkeitsklasse 10.9<br>\nModelle: alle Modelle XJR1200<\/p>","protected":false},"featured_media":7598,"comment_status":"open","ping_status":"closed","template":"","meta":[],"product_brand":[],"product_cat":[87],"product_tag":[],"class_list":{"0":"post-7597","1":"product","2":"type-product","3":"status-publish","4":"has-post-thumbnail","6":"product_cat-titanium","8":"first","9":"instock","10":"taxable","11":"shipping-taxable","12":"purchasable","13":"product-type-simple"},"_links":{"self":[{"href":"https:\/\/iwt-customparts.com\/de\/wp-json\/wp\/v2\/product\/7597","targetHints":{"allow":["GET"]}}],"collection":[{"href":"https:\/\/iwt-customparts.com\/de\/wp-json\/wp\/v2\/product"}],"about":[{"href":"https:\/\/iwt-customparts.com\/de\/wp-json\/wp\/v2\/types\/product"}],"replies":[{"embeddable":true,"href":"https:\/\/iwt-customparts.com\/de\/wp-json\/wp\/v2\/comments?post=7597"}],"wp:featuredmedia":[{"embeddable":true,"href":"https:\/\/iwt-customparts.com\/de\/wp-json\/wp\/v2\/media\/7598"}],"wp:attachment":[{"href":"https:\/\/iwt-customparts.com\/de\/wp-json\/wp\/v2\/media?parent=7597"}],"wp:term":[{"taxonomy":"product_brand","embeddable":true,"href":"https:\/\/iwt-customparts.com\/de\/wp-json\/wp\/v2\/product_brand?post=7597"},{"taxonomy":"product_cat","embeddable":true,"href":"https:\/\/iwt-customparts.com\/de\/wp-json\/wp\/v2\/product_cat?post=7597"},{"taxonomy":"product_tag","embeddable":true,"href":"https:\/\/iwt-customparts.com\/de\/wp-json\/wp\/v2\/product_tag?post=7597"}],"curies":[{"name":"wp","href":"https:\/\/api.w.org\/{rel}","templated":true}]}}