{"id":7346,"date":"2025-02-28T16:18:38","date_gmt":"2025-02-28T15:18:38","guid":{"rendered":"https:\/\/iwt-customparts.com\/?post_type=product&#038;p=7346"},"modified":"2025-08-06T11:20:05","modified_gmt":"2025-08-06T09:20:05","slug":"xjr1300-bremsbelaege-vorn","status":"publish","type":"product","link":"https:\/\/iwt-customparts.com\/de\/product\/xjr1300-rb-voor\/","title":{"rendered":"XJR1300 (1999-2016)Bremsbel\u00e4ge, vorn"},"content":{"rendered":"<div id=\"fws_69eb72a156b2d\"  data-column-margin=\"default\" data-midnight=\"dark\"  class=\"wpb_row vc_row-fluid vc_row\"  style=\"padding-top: 0px; padding-bottom: 0px; \"><div class=\"row-bg-wrap\" data-bg-animation=\"none\" data-bg-animation-delay=\"\" data-bg-overlay=\"false\"><div class=\"inner-wrap row-bg-layer\" ><div class=\"row-bg viewport-desktop\"  style=\"\"><\/div><\/div><\/div><div class=\"row_col_wrap_12 col span_12 dark left\">\n\t<div  class=\"vc_col-sm-12 wpb_column column_container vc_column_container col no-extra-padding inherit_tablet inherit_phone\"  data-padding-pos=\"all\" data-has-bg-color=\"false\" data-bg-color=\"\" data-bg-opacity=\"1\" data-animation=\"\" data-delay=\"0\" >\n\t\t<div class=\"vc_column-inner\" >\n\t\t\t<div class=\"wpb_wrapper\">\n\t\t\t\t\n<div class=\"wpb_text_column wpb_content_element\" >\n\t<p class=\"translation-block\"><strong>Moto-Master 402801 Bremsbel\u00e4ge f\u00fcr die vorderen Bremsscheiben.<\/strong>\n<br>\nPassend f\u00fcr: Yamaha XJR1300, alle Modelle und Bj. (1999\u20132016)<br>\nAnzahl: 2er-Set, f\u00fcr eine Scheibe vorn<br>\nMaterial: Sinterverbindung\n<br>\nHervorragend geeignet f\u00fcr sportliche Fahrer und schwere Motorr\u00e4der und sorgt f\u00fcr starkes, gleichm\u00e4\u00dfiges Bremsen unter h\u00e4rtesten Bedingungen.<br>\nDie Bremsbel\u00e4ge eignen sich optimal zum Austausch der originalen Bremsbel\u00e4ge.<br>\nMoto-Master-Bremsbel\u00e4ge sind f\u00fcr alle OEM-Scheiben geeignet, in Kombination mit den eigenen Bremsscheiben von Moto-Master erzielen die Bremsbel\u00e4ge jedoch die beste Leistung.<\/p>\n<\/div>\n\n\n\n\n\t\t\t<\/div> \n\t\t<\/div>\n\t<\/div> \n<\/div><\/div>","protected":false},"excerpt":{"rendered":"Moto-Master 402801 remblokken, voor. Geschikt voor: Yamaha XJR1300, alle modellen en bouwjaren (1999-2016) Aantal: 1 set van 2 stuks, voor \u00e9\u00e9n remschijf Materiaal: Gesinterde compound...","protected":false},"featured_media":7347,"comment_status":"open","ping_status":"closed","template":"","meta":[],"product_brand":[],"product_cat":[199],"product_tag":[],"class_list":{"0":"post-7346","1":"product","2":"type-product","3":"status-publish","4":"has-post-thumbnail","6":"product_cat-xjr-remschijven-blokken","8":"first","9":"instock","10":"taxable","11":"shipping-taxable","12":"purchasable","13":"product-type-simple"},"_links":{"self":[{"href":"https:\/\/iwt-customparts.com\/de\/wp-json\/wp\/v2\/product\/7346","targetHints":{"allow":["GET"]}}],"collection":[{"href":"https:\/\/iwt-customparts.com\/de\/wp-json\/wp\/v2\/product"}],"about":[{"href":"https:\/\/iwt-customparts.com\/de\/wp-json\/wp\/v2\/types\/product"}],"replies":[{"embeddable":true,"href":"https:\/\/iwt-customparts.com\/de\/wp-json\/wp\/v2\/comments?post=7346"}],"wp:featuredmedia":[{"embeddable":true,"href":"https:\/\/iwt-customparts.com\/de\/wp-json\/wp\/v2\/media\/7347"}],"wp:attachment":[{"href":"https:\/\/iwt-customparts.com\/de\/wp-json\/wp\/v2\/media?parent=7346"}],"wp:term":[{"taxonomy":"product_brand","embeddable":true,"href":"https:\/\/iwt-customparts.com\/de\/wp-json\/wp\/v2\/product_brand?post=7346"},{"taxonomy":"product_cat","embeddable":true,"href":"https:\/\/iwt-customparts.com\/de\/wp-json\/wp\/v2\/product_cat?post=7346"},{"taxonomy":"product_tag","embeddable":true,"href":"https:\/\/iwt-customparts.com\/de\/wp-json\/wp\/v2\/product_tag?post=7346"}],"curies":[{"name":"wp","href":"https:\/\/api.w.org\/{rel}","templated":true}]}}