{"id":7338,"date":"2025-02-28T01:58:21","date_gmt":"2025-02-28T00:58:21","guid":{"rendered":"https:\/\/iwt-customparts.com\/?post_type=product&#038;p=7338"},"modified":"2025-08-06T11:20:40","modified_gmt":"2025-08-06T09:20:40","slug":"xjr-bremsscheibe-hinter-ti","status":"publish","type":"product","link":"https:\/\/iwt-customparts.com\/de\/product\/xjr-remschijf-achter-ti\/","title":{"rendered":"XJR1200\/XJR1300 Bremsscheibe hinten,<br>\ninkl. Titanschrauben"},"content":{"rendered":"<div id=\"fws_69f3583b526f3\"  data-column-margin=\"default\" data-midnight=\"dark\"  class=\"wpb_row vc_row-fluid vc_row\"  style=\"padding-top: 0px; padding-bottom: 0px; \"><div class=\"row-bg-wrap\" data-bg-animation=\"none\" data-bg-animation-delay=\"\" data-bg-overlay=\"false\"><div class=\"inner-wrap row-bg-layer\" ><div class=\"row-bg viewport-desktop\"  style=\"\"><\/div><\/div><\/div><div class=\"row_col_wrap_12 col span_12 dark left\">\n\t<div  class=\"vc_col-sm-12 wpb_column column_container vc_column_container col no-extra-padding inherit_tablet inherit_phone\"  data-padding-pos=\"all\" data-has-bg-color=\"false\" data-bg-color=\"\" data-bg-opacity=\"1\" data-animation=\"\" data-delay=\"0\" >\n\t\t<div class=\"vc_column-inner\" >\n\t\t\t<div class=\"wpb_wrapper\">\n\t\t\t\t\n<div class=\"wpb_text_column wpb_content_element\" >\n\t<p class=\"translation-block\"><strong>Moto-Master Halo Feste Bremsscheibe hinten 110480\/267 mm<\/strong><br>\nPassend f\u00fcr alle Modelle und Baujahre Yamaha XJR1200 und XJR1300.<br>\nAnzahl: 1 St\u00fcck, inklusive 6 St. M8x25 mm GR5 Titanschrauben<br>\nMaterial: Edelstahl\n<br>\n\nDie Moto-Master HALO-Serie setzt einen neuen Standard im Aftermarket-Design von Bremsscheiben.<br>\nDer hochwertige Edelstahlrotor sorgt f\u00fcr kraftvolle Bremswirkung und ist zugleich extrem langlebig.<br>\nDie genaue Gr\u00f6\u00dfe und Positionierung der L\u00fcftungsl\u00f6cher sorgt f\u00fcr eine gleichm\u00e4\u00dfige W\u00e4rmeverteilung bei hoher thermischer Belastung,<br>\nw\u00e4hrend die Auflagefl\u00e4che der Bremsbel\u00e4ge gleichm\u00e4\u00dfig gereinigt wird.\nF\u00fcr optimale Leistung empfehlen wir die Verwendung von Moto-Master-Bremsbel\u00e4gen.<br>\nMoto-Master ist ein nach ISO 9001:2015 und T\u00dcV \u2013 KBA zertifizierter Hersteller und arbeitet st\u00e4ndig an der Verbesserung seiner Produkte.<\/p>\n<\/div>\n\n\n\n\n\t\t\t<\/div> \n\t\t<\/div>\n\t<\/div> \n<\/div><\/div>","protected":false},"excerpt":{"rendered":"Moto-Master Halo Fixed Remschijf Achter 110480\/267 mm Geschikt voor alle modellen en bouwjaren Yamaha XJR1200 en XJR1300. Aantal: 1 stuks, inclusief 6 stuks M8x25 mm...","protected":false},"featured_media":7339,"comment_status":"open","ping_status":"closed","template":"","meta":[],"product_brand":[],"product_cat":[199],"product_tag":[],"class_list":{"0":"post-7338","1":"product","2":"type-product","3":"status-publish","4":"has-post-thumbnail","6":"product_cat-xjr-remschijven-blokken","8":"first","9":"instock","10":"taxable","11":"shipping-taxable","12":"purchasable","13":"product-type-simple"},"_links":{"self":[{"href":"https:\/\/iwt-customparts.com\/de\/wp-json\/wp\/v2\/product\/7338","targetHints":{"allow":["GET"]}}],"collection":[{"href":"https:\/\/iwt-customparts.com\/de\/wp-json\/wp\/v2\/product"}],"about":[{"href":"https:\/\/iwt-customparts.com\/de\/wp-json\/wp\/v2\/types\/product"}],"replies":[{"embeddable":true,"href":"https:\/\/iwt-customparts.com\/de\/wp-json\/wp\/v2\/comments?post=7338"}],"wp:featuredmedia":[{"embeddable":true,"href":"https:\/\/iwt-customparts.com\/de\/wp-json\/wp\/v2\/media\/7339"}],"wp:attachment":[{"href":"https:\/\/iwt-customparts.com\/de\/wp-json\/wp\/v2\/media?parent=7338"}],"wp:term":[{"taxonomy":"product_brand","embeddable":true,"href":"https:\/\/iwt-customparts.com\/de\/wp-json\/wp\/v2\/product_brand?post=7338"},{"taxonomy":"product_cat","embeddable":true,"href":"https:\/\/iwt-customparts.com\/de\/wp-json\/wp\/v2\/product_cat?post=7338"},{"taxonomy":"product_tag","embeddable":true,"href":"https:\/\/iwt-customparts.com\/de\/wp-json\/wp\/v2\/product_tag?post=7338"}],"curies":[{"name":"wp","href":"https:\/\/api.w.org\/{rel}","templated":true}]}}