{"id":7330,"date":"2025-02-28T01:03:28","date_gmt":"2025-02-28T00:03:28","guid":{"rendered":"https:\/\/iwt-customparts.com\/?post_type=product&#038;p=7330"},"modified":"2025-08-06T11:20:50","modified_gmt":"2025-08-06T09:20:50","slug":"xjr-rp10-bremsscheiben-vorn-ti","status":"publish","type":"product","link":"https:\/\/iwt-customparts.com\/de\/product\/xjr-rp10-remschijven-voor-ti\/","title":{"rendered":"XJR1300 (2004\u20132016) Bremsscheiben vorn, \ninkl. Titanschrauben"},"content":{"rendered":"<div id=\"fws_69eb9df7e53aa\"  data-column-margin=\"default\" data-midnight=\"dark\"  class=\"wpb_row vc_row-fluid vc_row\"  style=\"padding-top: 0px; padding-bottom: 0px; \"><div class=\"row-bg-wrap\" data-bg-animation=\"none\" data-bg-animation-delay=\"\" data-bg-overlay=\"false\"><div class=\"inner-wrap row-bg-layer\" ><div class=\"row-bg viewport-desktop\"  style=\"\"><\/div><\/div><\/div><div class=\"row_col_wrap_12 col span_12 dark left\">\n\t<div  class=\"vc_col-sm-12 wpb_column column_container vc_column_container col no-extra-padding inherit_tablet inherit_phone\"  data-padding-pos=\"all\" data-has-bg-color=\"false\" data-bg-color=\"\" data-bg-opacity=\"1\" data-animation=\"\" data-delay=\"0\" >\n\t\t<div class=\"vc_column-inner\" >\n\t\t\t<div class=\"wpb_wrapper\">\n\t\t\t\t\n<div class=\"wpb_text_column wpb_content_element\" >\n\t<p class=\"translation-block\"><strong>Moto-Master 112361 Nitro Schwimmende Alu-Scheibe\/298 mm<\/strong><br>\nPassend f\u00fcr: Yamaha XJR1300, Bj. 2004\u20132016 (RP10, RP19, RP19C).<br>\nAnzahl: Set von 2 St\u00fcck, inklusive12 St. M6x20 mm GR5 Titanschrauben<br>\nMaterial: Aluminium und Edelstahl\n<br>\nHergestellt in den Niederlanden. Attraktives Design, rennerprobte Qualit\u00e4t und wettbewerbsf\u00e4higer Preis als perfekte OEM-Ersatzbremsscheibe.<br>\nAlle Nitro-Bremsscheiben aus speziell geh\u00e4rtetem, kohlenstoffarmem Edelstahl f\u00fcr optimale Haltbarkeit und maximale Bremskraft.<br>\nEs basiert auf der AEB-L-Spezifikation mit Zusatz von Stickstoff und Vanadium. Dadurch wird der Stahl z\u00e4her, korrosionsbest\u00e4ndiger und h\u00e4rter.<br>\nDas Design bietet maximale W\u00e4rmeableitung, w\u00e4hrend sorgf\u00e4ltig positionierte K\u00fchlschlitze eine optimale Reinigung der Bremsbel\u00e4ge unter allen Bedingungen gew\u00e4hrleisten.<br><\/p>\n<\/div>\n\n\n\n\n\t\t\t<\/div> \n\t\t<\/div>\n\t<\/div> \n<\/div><\/div>","protected":false},"excerpt":{"rendered":"Moto-Master 112361 Nitro Zwevende Alu Schijf\/298 mm Geschikt voor: Yamaha XJR1300, bouwjaren 2004-2016 (RP10, RP19, Rp19C) Aantal: set van 2 stuks inclusief 12 stuks M6x20...","protected":false},"featured_media":7333,"comment_status":"open","ping_status":"closed","template":"","meta":[],"product_brand":[],"product_cat":[199],"product_tag":[],"class_list":{"0":"post-7330","1":"product","2":"type-product","3":"status-publish","4":"has-post-thumbnail","6":"product_cat-xjr-remschijven-blokken","8":"first","9":"instock","10":"taxable","11":"shipping-taxable","12":"purchasable","13":"product-type-simple"},"_links":{"self":[{"href":"https:\/\/iwt-customparts.com\/de\/wp-json\/wp\/v2\/product\/7330","targetHints":{"allow":["GET"]}}],"collection":[{"href":"https:\/\/iwt-customparts.com\/de\/wp-json\/wp\/v2\/product"}],"about":[{"href":"https:\/\/iwt-customparts.com\/de\/wp-json\/wp\/v2\/types\/product"}],"replies":[{"embeddable":true,"href":"https:\/\/iwt-customparts.com\/de\/wp-json\/wp\/v2\/comments?post=7330"}],"wp:featuredmedia":[{"embeddable":true,"href":"https:\/\/iwt-customparts.com\/de\/wp-json\/wp\/v2\/media\/7333"}],"wp:attachment":[{"href":"https:\/\/iwt-customparts.com\/de\/wp-json\/wp\/v2\/media?parent=7330"}],"wp:term":[{"taxonomy":"product_brand","embeddable":true,"href":"https:\/\/iwt-customparts.com\/de\/wp-json\/wp\/v2\/product_brand?post=7330"},{"taxonomy":"product_cat","embeddable":true,"href":"https:\/\/iwt-customparts.com\/de\/wp-json\/wp\/v2\/product_cat?post=7330"},{"taxonomy":"product_tag","embeddable":true,"href":"https:\/\/iwt-customparts.com\/de\/wp-json\/wp\/v2\/product_tag?post=7330"}],"curies":[{"name":"wp","href":"https:\/\/api.w.org\/{rel}","templated":true}]}}