{"id":6393,"date":"2024-03-12T17:22:34","date_gmt":"2024-03-12T15:22:34","guid":{"rendered":"https:\/\/iwt-customparts.com\/?post_type=product&#038;p=6393"},"modified":"2025-10-29T12:20:39","modified_gmt":"2025-10-29T11:20:39","slug":"kupplungsdruckplatte-xjr-fj","status":"publish","type":"product","link":"https:\/\/iwt-customparts.com\/de\/product\/drukplaat-koppeling-xjr-fj\/","title":{"rendered":"XJR\/FJ Kupplungsdruckplatte, silber"},"content":{"rendered":"<p class=\"translation-block\">Yamaha XJR und FJ verst\u00e4rkter Kupplungsdruckplattensatz von IWT<br>\nDiese Druckplatte ist eine Umstellung von der standardm\u00e4\u00dfigen einzelnen Membranfeder auf 6 Schraubenfedern und eine verst\u00e4rkte Druckplatte<br>\nDieses Set verhindert das Durchrutschen der Kupplung und sorgt f\u00fcr eine gleichm\u00e4\u00dfigere Kraft\u00fcbertragung<br>\nIWT hat hochwertige Materialien und optimale Technik verwendet. Das bedeutet, dass wir uns nicht f\u00fcr die Billigl\u00f6sung entschieden haben, sondern ein Produkt mit langer Lebensdauer geschaffen haben, das den hohen Anspr\u00fcchen einer verst\u00e4rkten Kupplung gerecht wird. Deutsches\/Niederl\u00e4ndisches Produkt<br>\n- CNC-gefr\u00e4stes Aluminium 6082 T6. Kombiniert hohe Festigkeit mit hervorragender Korrosionsbest\u00e4ndigkeit<br>\n- Lager: 6003 C4 Rillenkugellager. Geeignet f\u00fcr hohe Temperaturen bis 250 \u00b0C und hohe Drehzahlen (18000 U\/min). Original-Yamaha-Spezifikation<br>\n- Kupplungsfedern (6 St\u00fcck): VDSiCr 'Oteva 70'. Der \u00f6lschlussverg\u00fctete Silizium-Chromfederstahl erreicht mit einer durch Kugelstrahlen verfestigten Oberfl\u00e4che die besten Dauerhubfestigkeitswerte und extrem dynamische Zwecke. Sehr erm\u00fcdungs- und temperaturbest\u00e4ndig<br>\n- Federteller und Schrauben (6 St\u00fcck): Titan GR5. Sehr leicht und st\u00e4rker als Stahl. <br> Die spezielle Form dieser Federteller verhindert, dass sich die Federn beim Bet\u00e4tigen der Kupplung seitlich verschieben<br>\nEinfache Installation. Komplettset mit Montageanleitung in die deutsche Sprache. Passend f\u00fcr alle Modelle und Baujahre der Yamaha XJR1200, XJR1300, FJ1100 und FJ1200.<\/p>","protected":false},"excerpt":{"rendered":"<p>Yamaha XJR en FJ versterkte koppelingsdrukplaatset van IWT. Deze drukplaat is een conversie van de standaard, enkele diafragmaveer naar 6 spiraalveren en versterkte drukplaat. Deze&#8230;<\/p>","protected":false},"featured_media":7185,"comment_status":"open","ping_status":"closed","template":"","meta":[],"product_brand":[],"product_cat":[197,105,193],"product_tag":[],"class_list":{"0":"post-6393","1":"product","2":"type-product","3":"status-publish","4":"has-post-thumbnail","6":"product_cat-trw-koppelingsplaten","7":"product_cat-yamaha-xjr-koppelingsdeksels-met-venster","8":"product_cat-koppelingsdrukplaten-xjr-fj","10":"first","11":"instock","12":"featured","13":"taxable","14":"shipping-taxable","15":"purchasable","16":"product-type-simple"},"_links":{"self":[{"href":"https:\/\/iwt-customparts.com\/de\/wp-json\/wp\/v2\/product\/6393","targetHints":{"allow":["GET"]}}],"collection":[{"href":"https:\/\/iwt-customparts.com\/de\/wp-json\/wp\/v2\/product"}],"about":[{"href":"https:\/\/iwt-customparts.com\/de\/wp-json\/wp\/v2\/types\/product"}],"replies":[{"embeddable":true,"href":"https:\/\/iwt-customparts.com\/de\/wp-json\/wp\/v2\/comments?post=6393"}],"wp:featuredmedia":[{"embeddable":true,"href":"https:\/\/iwt-customparts.com\/de\/wp-json\/wp\/v2\/media\/7185"}],"wp:attachment":[{"href":"https:\/\/iwt-customparts.com\/de\/wp-json\/wp\/v2\/media?parent=6393"}],"wp:term":[{"taxonomy":"product_brand","embeddable":true,"href":"https:\/\/iwt-customparts.com\/de\/wp-json\/wp\/v2\/product_brand?post=6393"},{"taxonomy":"product_cat","embeddable":true,"href":"https:\/\/iwt-customparts.com\/de\/wp-json\/wp\/v2\/product_cat?post=6393"},{"taxonomy":"product_tag","embeddable":true,"href":"https:\/\/iwt-customparts.com\/de\/wp-json\/wp\/v2\/product_tag?post=6393"}],"curies":[{"name":"wp","href":"https:\/\/api.w.org\/{rel}","templated":true}]}}