{"id":6084,"date":"2023-12-08T17:52:39","date_gmt":"2023-12-08T15:52:39","guid":{"rendered":"https:\/\/iwt-customparts.com\/?post_type=product&#038;p=6084"},"modified":"2026-03-25T20:03:17","modified_gmt":"2026-03-25T19:03:17","slug":"stahlflex-kupplungsleitung-xjr-blau","status":"publish","type":"product","link":"https:\/\/iwt-customparts.com\/de\/product\/koppelingsleiding-xjr-bl\/","title":{"rendered":"Edelstahl\/Titan Stahlflex-Kupplungsleitung XJR, blau"},"content":{"rendered":"<p class=\"translation-block\"><strong>Goodridge Stahlflex-Kupplungsleitung aus Edelstahl\/Titan der Serie 600, f\u00fcr die Yamaha XJR<\/strong>\n<br>\nWir von IWT Motorcycle Custom Parts, liefern diese Leitungen wie das Original von Yamaha. Also die gleichen L\u00e4ngen und Zahlen. Auch die Schl\u00fcsselgr\u00f6\u00dfe der Titan-Hohlschraube entspricht dem Original. 12 mm. Stahlflexleitungen bieten einige entscheidende Vorteile. Diese Kupplungsleitung gew\u00e4hrleistet eine gute Dosierung und einen guten Angriffspunkt beim Bet\u00e4tigen der Kupplung. Goodridge Stahlflexleitungen besitzen ein technisches Teilegutachten zur problemlosen Eintragung.\nTeilweise gibt es Goodridge Stahlflexleitungen auch mit ABE. <br>\nLieferumfang inklusive Titan-GR5-Hohlschraube und Dichtungsringen\n<br>\n<strong>Material Leitungen:<\/strong>PTFE Innenleitung und einer V2A Edelstahl Gewebeummantelung. Arbeitsdruck 290 bar (4205)(psi). PVC-Beschichtung in vier Farben.\n<br>\n<strong>Material Ringnippel und Hohlschrauben: <\/strong>Poliertes Edelstahl und Titan-GR5-Hohlschraube. Das Beste aus zwei Welten.\n<br>\n<strong>Anzahl der Leitungen:<\/strong> 1 St\u00fcck.\n<br>\n<strong>Anzahl der Titan-Hohlschrauben:<\/strong>\n1 St\u00fcck 2 Unterlegscheiben aus Aluminium. Die zweite Hohlschraube wird mit dem Kupplungsnehmerzylinder geliefert.\n<br>\n<strong>Modelle:<\/strong> Alle Modelle Yamaha XJR1200 und XJR1300<br>\n<strong>Baujahre:<\/strong> Alle Baujahre 1995-2016<br>\n<strong>Farbe<\/strong>: Blau<\/p>","protected":false},"excerpt":{"rendered":"<p>Goodridge RVS\/Titanium koppelingsleiding voor de XJR (Te gebruiken in combinatie met de IWT-koppelingscilinder) Staalomvlochten koppelingsleidingen voor de Yamaha XJR van Goodridge zijn van topkwaliteit. Tientallen&#8230;<\/p>","protected":false},"featured_media":8779,"comment_status":"open","ping_status":"closed","template":"","meta":[],"product_brand":[],"product_cat":[189,93,151],"product_tag":[],"class_list":{"0":"post-6084","1":"product","2":"type-product","3":"status-publish","4":"has-post-thumbnail","6":"product_cat-goodridge-xjr","7":"product_cat-overig","8":"product_cat-koppelingscilinder","10":"first","11":"instock","12":"taxable","13":"shipping-taxable","14":"purchasable","15":"product-type-simple"},"_links":{"self":[{"href":"https:\/\/iwt-customparts.com\/de\/wp-json\/wp\/v2\/product\/6084","targetHints":{"allow":["GET"]}}],"collection":[{"href":"https:\/\/iwt-customparts.com\/de\/wp-json\/wp\/v2\/product"}],"about":[{"href":"https:\/\/iwt-customparts.com\/de\/wp-json\/wp\/v2\/types\/product"}],"replies":[{"embeddable":true,"href":"https:\/\/iwt-customparts.com\/de\/wp-json\/wp\/v2\/comments?post=6084"}],"wp:featuredmedia":[{"embeddable":true,"href":"https:\/\/iwt-customparts.com\/de\/wp-json\/wp\/v2\/media\/8779"}],"wp:attachment":[{"href":"https:\/\/iwt-customparts.com\/de\/wp-json\/wp\/v2\/media?parent=6084"}],"wp:term":[{"taxonomy":"product_brand","embeddable":true,"href":"https:\/\/iwt-customparts.com\/de\/wp-json\/wp\/v2\/product_brand?post=6084"},{"taxonomy":"product_cat","embeddable":true,"href":"https:\/\/iwt-customparts.com\/de\/wp-json\/wp\/v2\/product_cat?post=6084"},{"taxonomy":"product_tag","embeddable":true,"href":"https:\/\/iwt-customparts.com\/de\/wp-json\/wp\/v2\/product_tag?post=6084"}],"curies":[{"name":"wp","href":"https:\/\/api.w.org\/{rel}","templated":true}]}}