{"id":6074,"date":"2023-12-08T16:17:23","date_gmt":"2023-12-08T14:17:23","guid":{"rendered":"https:\/\/iwt-customparts.com\/?post_type=product&#038;p=6074"},"modified":"2026-03-25T19:45:24","modified_gmt":"2026-03-25T18:45:24","slug":"stahlflex-rp02-rot","status":"publish","type":"product","link":"https:\/\/iwt-customparts.com\/de\/product\/rvs-ti-remleidingen-xjr1300-rp02-ro\/","title":{"rendered":"Edelstahl\/Titan Brems- und Kupplungs-Stahlflexleitungen f\u00fcr die Yamaha XJR1300 1999-2001, rot"},"content":{"rendered":"<p class=\"translation-block\"><strong>Komplettes Set Goodridge Stahlflexleitungen aus Edelstahl\/Titan der Serie 600, f\u00fcr die Yamaha XJR<\/strong>\n<br>\nWir von IWT Motorcycle Custom Parts, liefern diese Leitungen wie das Original von Yamaha. Also die gleichen L\u00e4ngen und Zahlen. Auch die Schl\u00fcsselgr\u00f6\u00dfe der Titan-Hohlschrauben entspricht dem Original. 12 mm. Stahlflex Bremsleitungen bieten einige entscheidende Vorteile. Der beim Bremsen entstehende Druckaufbau im Bremssystem wird unmittelbar und ohne Verz\u00f6gerung an die Bremss\u00e4ttel weitergegeben.  Dies verk\u00fcrzt die Ansprechzeit der Bremsanlage und somit den Bremsweg. Es entsteht eine sehr gute Dosierbarkeit und ein festes Hebelgef\u00fchl. Goodridge Stahlflex Bremsleitungen besitzen ein technisches Teilegutachten zur problemlosen Eintragung.\nTeilweise gibt es Goodridge Stahlflex Bremsleitungen auch mit ABE. Jede einzelne Leitung wird mit 400 Bar separat Druck gepr\u00fcft und abgenommen. Dies gew\u00e4hrleistet h\u00f6chste Sicherheit.<br>\nLieferumfang inklusive Gummih\u00fclsen, Titan-GR5-Hohlschrauben und Dichtungsringen\n<br>\n<strong>Material Leitungen: PTFE Innenleitung und einer V2A Edelstahl Gewebeummantelung. Arbeitsdruck 290 bar (4205)(psi). PVC-Beschichtung in drei Farben.\n<br>\n<strong>Material Ringnippel und Hohlschrauben: <\/strong>Poliertes Edelstahl und Titan-GR5-Hohlschrauben. Das Beste aus zwei Welten.\n<br>\n<strong>Anzahl der Leitungen: 5 St\u00fcck wie beim OEM. Komplett-Set. Vorderradbremse: 3x, Hinterradbremse: 1x und Kupplung: 1x.\n<br>\n<strong>Anzahl der Titan-Hohlschrauben:<\/strong>\n9 St\u00fcck. (7x einfach und 2x doppelt) und 20 Unterlegscheiben aus Aluminium\n<br>\n<strong>Modelle: \u2063<\/strong> Yamaha XJR1300<br>\n<strong>Baujahre: 1999\u20132001 (RP02)<br>\n<strong>Farbe<\/strong>: Rot. Auf Bestellung. Der Versand kann eine Woche dauern.\n\u200b<\/p>","protected":false},"excerpt":{"rendered":"<p>Complete set Goodridge RVS\/Titanium remleidingen voor de XJR Staalomvlochten remleidingen voor de Yamaha XJR van Goodridge zijn van topkwaliteit. Tientallen jaren ervaring in de racerij,&#8230;<\/p>","protected":false},"featured_media":8785,"comment_status":"open","ping_status":"closed","template":"","meta":[],"product_brand":[],"product_cat":[189,93],"product_tag":[],"class_list":{"0":"post-6074","1":"product","2":"type-product","3":"status-publish","4":"has-post-thumbnail","6":"product_cat-goodridge-xjr","7":"product_cat-overig","9":"first","10":"instock","11":"taxable","12":"shipping-taxable","13":"purchasable","14":"product-type-simple"},"_links":{"self":[{"href":"https:\/\/iwt-customparts.com\/de\/wp-json\/wp\/v2\/product\/6074","targetHints":{"allow":["GET"]}}],"collection":[{"href":"https:\/\/iwt-customparts.com\/de\/wp-json\/wp\/v2\/product"}],"about":[{"href":"https:\/\/iwt-customparts.com\/de\/wp-json\/wp\/v2\/types\/product"}],"replies":[{"embeddable":true,"href":"https:\/\/iwt-customparts.com\/de\/wp-json\/wp\/v2\/comments?post=6074"}],"wp:featuredmedia":[{"embeddable":true,"href":"https:\/\/iwt-customparts.com\/de\/wp-json\/wp\/v2\/media\/8785"}],"wp:attachment":[{"href":"https:\/\/iwt-customparts.com\/de\/wp-json\/wp\/v2\/media?parent=6074"}],"wp:term":[{"taxonomy":"product_brand","embeddable":true,"href":"https:\/\/iwt-customparts.com\/de\/wp-json\/wp\/v2\/product_brand?post=6074"},{"taxonomy":"product_cat","embeddable":true,"href":"https:\/\/iwt-customparts.com\/de\/wp-json\/wp\/v2\/product_cat?post=6074"},{"taxonomy":"product_tag","embeddable":true,"href":"https:\/\/iwt-customparts.com\/de\/wp-json\/wp\/v2\/product_tag?post=6074"}],"curies":[{"name":"wp","href":"https:\/\/api.w.org\/{rel}","templated":true}]}}