{"id":5430,"date":"2023-09-24T01:27:33","date_gmt":"2023-09-23T23:27:33","guid":{"rendered":"https:\/\/iwt-customparts.com\/?post_type=product&#038;p=5430"},"modified":"2026-03-25T20:11:27","modified_gmt":"2026-03-25T19:11:27","slug":"titan-hohlschraube-doppelt","status":"publish","type":"product","link":"https:\/\/iwt-customparts.com\/de\/product\/titanium-banjobout-dubbel\/","title":{"rendered":"Titan Holschraube Doppel"},"content":{"rendered":"<p class=\"translation-block\">Doppelausf\u00fchrung Titan-Hohlschraube f\u00fcr Brems- , Kupplungshauptzylinder und Bremsschl\u00e4uche. Enth\u00e4lt 3 St. Unterlegscheiben<br>\nMaterial: Titan GR5.\nZugfestigkeit: 10.9 <br>\nDoppel Version. Sechskant mit Flansch. M10x1,25 mm Gewindesteigung.\nSchl\u00fcsselweite: 12 mm gem\u00e4\u00df Original-Yamaha-Spezifikation<br>\nModelle: Alle Modelle XJR1200, XJR1300 und FJ<\/p>","protected":false},"excerpt":{"rendered":"<p>Titanium banjobout voor de rem- en koppelingscilinders en remklauwen. Dubbele uitvoering Zeskant met flens. M10x1.25 mm draadspoed. Sleutelwijdte 12 mm zoals origineel Yamaha Inclusief 3&#8230;<\/p>","protected":false},"featured_media":8776,"comment_status":"open","ping_status":"closed","template":"","meta":[],"product_brand":[],"product_cat":[189,87],"product_tag":[],"class_list":{"0":"post-5430","1":"product","2":"type-product","3":"status-publish","4":"has-post-thumbnail","6":"product_cat-goodridge-xjr","7":"product_cat-titanium","9":"first","10":"instock","11":"taxable","12":"shipping-taxable","13":"purchasable","14":"product-type-simple"},"_links":{"self":[{"href":"https:\/\/iwt-customparts.com\/de\/wp-json\/wp\/v2\/product\/5430","targetHints":{"allow":["GET"]}}],"collection":[{"href":"https:\/\/iwt-customparts.com\/de\/wp-json\/wp\/v2\/product"}],"about":[{"href":"https:\/\/iwt-customparts.com\/de\/wp-json\/wp\/v2\/types\/product"}],"replies":[{"embeddable":true,"href":"https:\/\/iwt-customparts.com\/de\/wp-json\/wp\/v2\/comments?post=5430"}],"wp:featuredmedia":[{"embeddable":true,"href":"https:\/\/iwt-customparts.com\/de\/wp-json\/wp\/v2\/media\/8776"}],"wp:attachment":[{"href":"https:\/\/iwt-customparts.com\/de\/wp-json\/wp\/v2\/media?parent=5430"}],"wp:term":[{"taxonomy":"product_brand","embeddable":true,"href":"https:\/\/iwt-customparts.com\/de\/wp-json\/wp\/v2\/product_brand?post=5430"},{"taxonomy":"product_cat","embeddable":true,"href":"https:\/\/iwt-customparts.com\/de\/wp-json\/wp\/v2\/product_cat?post=5430"},{"taxonomy":"product_tag","embeddable":true,"href":"https:\/\/iwt-customparts.com\/de\/wp-json\/wp\/v2\/product_tag?post=5430"}],"curies":[{"name":"wp","href":"https:\/\/api.w.org\/{rel}","templated":true}]}}