{"id":4420,"date":"2023-03-17T11:17:30","date_gmt":"2023-03-17T11:17:30","guid":{"rendered":"https:\/\/iwt-customparts.com\/?post_type=product&#038;p=4420"},"modified":"2025-11-16T22:31:34","modified_gmt":"2025-11-16T21:31:34","slug":"kupplungsdeckel-silber-mit-sichtfenster","status":"publish","type":"product","link":"https:\/\/iwt-customparts.com\/de\/product\/koppelingsdeksel-zilver-met-zichtvenster\/","title":{"rendered":"Kupplungsdeckel mit Sichtfenster \u2013 Silber"},"content":{"rendered":"<p class=\"translation-block\">Kupplungsdeckel aus hochwertigem Aluminium, CNC gefr\u00e4st<br>\nVerarbeitung: silber eloxiert<br>\nFenster: UV-best\u00e4ndiges und nahezu unzerbrechliches Polycarbonat<br>\nInklusive original Yamaha \u00d6lsichtglas<br>\nModelle: alle Modelle und Baujahre Yamaha XJR1200, XJR1300, FJ1200<br>\n<span style=\"color: #ff0000\">Nicht im Lieferumfang enthalten:<br>\n- \u00d6leinf\u00fcllstutzen M20x1.5, silbern oder schwarz (Original passt nicht)<br>\n- Kurbelgeh\u00e4useentl\u00fcftung (Unbedingt empfohlen f\u00fcr Vergasermodelle)<\/span><\/p>","protected":false},"excerpt":{"rendered":"<p>Materiaal: CNC bewerkt hoogwaardig 6061 T6 aluminium Afwerking: zilver geanodiseerd Venster: UV-bestendig en onbreekbaar Polycarbonaat Inclusief: Origineel Yamaha oliekijkglaasje Modellen: alle modellen Yamaha XJR1200, XJR1300&#8230;<\/p>","protected":false},"featured_media":6003,"comment_status":"open","ping_status":"closed","template":"","meta":[],"product_brand":[],"product_cat":[105],"product_tag":[],"class_list":{"0":"post-4420","1":"product","2":"type-product","3":"status-publish","4":"has-post-thumbnail","6":"product_cat-yamaha-xjr-koppelingsdeksels-met-venster","8":"first","9":"instock","10":"taxable","11":"shipping-taxable","12":"purchasable","13":"product-type-simple"},"_links":{"self":[{"href":"https:\/\/iwt-customparts.com\/de\/wp-json\/wp\/v2\/product\/4420","targetHints":{"allow":["GET"]}}],"collection":[{"href":"https:\/\/iwt-customparts.com\/de\/wp-json\/wp\/v2\/product"}],"about":[{"href":"https:\/\/iwt-customparts.com\/de\/wp-json\/wp\/v2\/types\/product"}],"replies":[{"embeddable":true,"href":"https:\/\/iwt-customparts.com\/de\/wp-json\/wp\/v2\/comments?post=4420"}],"wp:featuredmedia":[{"embeddable":true,"href":"https:\/\/iwt-customparts.com\/de\/wp-json\/wp\/v2\/media\/6003"}],"wp:attachment":[{"href":"https:\/\/iwt-customparts.com\/de\/wp-json\/wp\/v2\/media?parent=4420"}],"wp:term":[{"taxonomy":"product_brand","embeddable":true,"href":"https:\/\/iwt-customparts.com\/de\/wp-json\/wp\/v2\/product_brand?post=4420"},{"taxonomy":"product_cat","embeddable":true,"href":"https:\/\/iwt-customparts.com\/de\/wp-json\/wp\/v2\/product_cat?post=4420"},{"taxonomy":"product_tag","embeddable":true,"href":"https:\/\/iwt-customparts.com\/de\/wp-json\/wp\/v2\/product_tag?post=4420"}],"curies":[{"name":"wp","href":"https:\/\/api.w.org\/{rel}","templated":true}]}}